{"id":112,"date":"2017-05-04T13:01:45","date_gmt":"2017-05-04T11:01:45","guid":{"rendered":"https:\/\/www.terminsvertreter.com\/ratgeber\/?page_id=112"},"modified":"2025-04-10T10:22:06","modified_gmt":"2025-04-10T08:22:06","slug":"terminsvertreter-gebuehren","status":"publish","type":"page","link":"https:\/\/www.terminsvertreter.com\/ratgeber\/terminsvertreter-gebuehren\/","title":{"rendered":"Terminsvertreter: Welche Geb\u00fchren nach dem RVG bekommt er?"},"content":{"rendered":"\n<p>Nicht immer ist es Rechtsanw\u00e4lten m\u00f6glich, einen <strong>ausw\u00e4rtigen Termin<\/strong> wahrzunehmen, ohne daf\u00fcr gr\u00f6\u00dfere Kosten und M\u00fchen aufzuwenden. In derartigen F\u00e4llen kann ein sogenannter <strong>Terminsvertreter<\/strong> (oder Korrespondenzanwalt) einspringen. Dieser tritt als Vertreter f\u00fcr Sie als Rechtsanwalt auf und nimmt den <strong>\u00f6rtlich ung\u00fcnstig anberaumten Termin<\/strong> an Ihrer Stelle als Unterbevollm\u00e4chtigter wahr. Freilich fallen auch f\u00fcr einen Terminsvertreter entsprechende Geb\u00fchren an, welche sich aus dem <strong>Rechtsanwaltsverg\u00fctungsgesetz<\/strong> (kurz: <strong>RVG<\/strong>) ergeben. Im folgenden Ratgeber wollen wir Ihnen einen kurzen \u00dcberblick \u00fcber die <strong>Geb\u00fchren f\u00fcr einen Terminsvertreter<\/strong> verschaffen und Ihnen die folgenden Fragen beantworten: Welche Geb\u00fchren kann ein Unterbevollm\u00e4chtigter verlangen? Wo sind diese jeweils <strong>gesetzlich geregelt<\/strong> und inwiefern unterscheiden sie sich die Kosten vom Terminsvertreter von Ihren Geb\u00fchren als Vertretener?<\/p>\n\n\n<div class=\"wp-block-image size-full wp-image-122\">\n<figure class=\"aligncenter\"><img decoding=\"async\" width=\"800\" height=\"350\" src=\"https:\/\/www.terminsvertreter.com\/ratgeber\/wp-content\/uploads\/kosten-unterbevollmaechtigter.jpg\" alt=\"Welche Kosten kann ein Unterbevollm\u00e4chtigter geltend machen?\" class=\"wp-image-122\" srcset=\"https:\/\/www.terminsvertreter.com\/ratgeber\/wp-content\/uploads\/kosten-unterbevollmaechtigter.jpg 800w, https:\/\/www.terminsvertreter.com\/ratgeber\/wp-content\/uploads\/kosten-unterbevollmaechtigter-300x131.jpg 300w, https:\/\/www.terminsvertreter.com\/ratgeber\/wp-content\/uploads\/kosten-unterbevollmaechtigter-768x336.jpg 768w\" sizes=\"(max-width: 800px) 100vw, 800px\" \/><figcaption class=\"wp-element-caption\">Welche Kosten kann ein Unterbevollm\u00e4chtigter geltend machen?<\/figcaption><\/figure>\n<\/div>\n\n<div id=\"ez-toc-container\" class=\"ez-toc-v2_0_82_2 counter-hierarchy ez-toc-counter ez-toc-custom ez-toc-container-direction\">\n<div class=\"ez-toc-title-container\"><p class=\"ez-toc-title\" style=\"cursor:inherit\">Inhaltsverzeichnis<\/p>\n<\/div><nav><ul class='ez-toc-list ez-toc-list-level-1 ' ><li class='ez-toc-page-1 ez-toc-heading-level-2'><a class=\"ez-toc-link ez-toc-heading-1\" href=\"https:\/\/www.terminsvertreter.com\/ratgeber\/terminsvertreter-gebuehren\/#Ueberblick_zu_den_Gebuehren\" >\u00dcberblick zu den Geb\u00fchren<\/a><\/li><li class='ez-toc-page-1 ez-toc-heading-level-2'><a class=\"ez-toc-link ez-toc-heading-2\" href=\"https:\/\/www.terminsvertreter.com\/ratgeber\/terminsvertreter-gebuehren\/#Terminsvertreter_Welche_Gebuehren_fallen_an\" >Terminsvertreter: Welche Geb\u00fchren fallen an?<\/a><\/li><\/ul><\/nav><\/div>\n\n\n\n\n<h2 class=\"wp-block-heading\"><span class=\"ez-toc-section\" id=\"Ueberblick_zu_den_Gebuehren\"><\/span>\u00dcberblick zu den Geb\u00fchren<span class=\"ez-toc-section-end\"><\/span><\/h2>\n\n\n\n<p>Die gesetzliche Grundlage zur anwaltlichen Verg\u00fctung bildet das <strong>Verg\u00fctungsverzeichnis zum RVG<\/strong> (VV RVG), welches diesem als Anlage 1 beigef\u00fcgt ist. Darin ist tabellarisch festgelegt, f\u00fcr welche einzelne anwaltliche T\u00e4tigkeit welche Geb\u00fchr anf\u00e4llt.<\/p>\n\n\n\n<div class=\"infobox\">In Anlage 2 zum RVG ist sodann in einer Tabelle festgehalten, welche Geb\u00fchr <strong>f\u00fcr welchen Gegenstandswert<\/strong> anf\u00e4llt. Aufgef\u00fchrt sind hierbei Streitwerte bis zu einem <strong>Betrag von 500.000 Euro<\/strong>.<\/div>\n\n\n\n<p>Doch wie sieht es nunmehr mit den <strong>Geb\u00fchren des Terminvertreters<\/strong> aus? Auf welche H\u00f6he belaufen sich diese und wo finden sich <strong>Regelungen im VV RVG<\/strong>? Die Antworten finden sich im folgenden Abschnitt.<\/p>\n\n\n\n<h2 class=\"wp-block-heading\"><span class=\"ez-toc-section\" id=\"Terminsvertreter_Welche_Gebuehren_fallen_an\"><\/span>Terminsvertreter: Welche Geb\u00fchren fallen an?<span class=\"ez-toc-section-end\"><\/span><\/h2>\n\n\n<div class=\"wp-block-image size-full wp-image-123\">\n<figure class=\"alignright\"><img decoding=\"async\" width=\"300\" height=\"200\" src=\"https:\/\/www.terminsvertreter.com\/ratgeber\/wp-content\/uploads\/terminsvertreter-gebuehren.jpg\" alt=\"Terminsvertreter: Welche Geb\u00fchren stehen ihm zu?\" class=\"wp-image-123\"\/><figcaption class=\"wp-element-caption\">Terminsvertreter: Welche Geb\u00fchren stehen ihm zu?<\/figcaption><\/figure>\n<\/div>\n\n\n<p>Zum einen bekommt ein Terminsvertreter eine sogenannte <a href=\"https:\/\/www.terminsvertreter.com\/ratgeber\/terminsgebuehr\/\">Terminsgeb\u00fchr<\/a>. Nimmt der Rechtsanwalt einen <strong>gerichtlichen Termin wahr<\/strong>, f\u00e4llt sie an. Der H\u00f6he nach f\u00e4llt eine 1,2-fache Geb\u00fchr an. Dies ergibt sich aus Nr. 3402 VV RVG in Verbindung mit Nr. 3104.<\/p>\n\n\n\n<p>Zu den f\u00fcr einen Terminsvertreter anfallenden Geb\u00fchren z\u00e4hlt ferner die <strong>sogenannte Verfahrensgeb\u00fchr<\/strong>, die immer dann entsteht, sobald Sie als Anwalt einen Mandanten in einem <strong>gerichtlichen Verfahren vertreten<\/strong>. Der H\u00f6he nach f\u00e4llt sie unterschiedlich aus, je nachdem, um <strong>welchen Verfahrensabschnitt<\/strong> es geht (erste Instanz, Berufung, Revision).<\/p>\n\n\n\n<p>Hierbei ergeben sich Unterschiede zwischen den Geb\u00fchren von einem <strong>Korrespondenzanwalt <\/strong>und Ihren Kosten. In der ersten Instanz steht einem Anwalt gem\u00e4\u00df Nr. 3100 VV RVG eine 1,3-fache Verfahrensgeb\u00fchr zu. Die des <strong>Terminsvertreters <\/strong>betr\u00e4gt indes nur 0,65. Zu entnehmen ist dies Nr. 3401 in Verbindung mit 3100 VV RVG.<\/p>\n\n\n\n<div class=\"tipp\">Beschr\u00e4nkt sich der <strong>Auftrag des Terminsvertreters<\/strong> auf die F\u00fchrung des Verkehrs der Partei oder des Beteiligten mit dem Verfahrensbevollm\u00e4chtigten, f\u00e4llt lediglich eine einfache Verfahrensgeb\u00fchr an (= <strong>Korrespondenzanwaltsgeb\u00fchr<\/strong>). Dies ergibt sich aus Nr. 3400 VV RVG.<\/div>\n\n\n\n<p><em>Bildnachweise: istockphoto.com\/IuriiSokolov, istockphoto.com\/Jan Pietruzka<\/em><\/p>\n<div class=\"l1-authorbox\"><h3 class=\"l1-authorbox-intro\">\u00dcber den Autor<\/h3><div class=\"l1-authorbox-inner\"><div class=\"l1-authorbox-avatar\"><img alt='Dr. Philipp Hammerich' src='https:\/\/www.terminsvertreter.com\/ratgeber\/wp-content\/uploads\/philipp-hammerich-ra-150x150.png' srcset='https:\/\/www.terminsvertreter.com\/ratgeber\/wp-content\/uploads\/philipp-hammerich-ra-300x300.png 2x' class='avatar avatar-150 photo' height='150' width='150' \/><\/div><div class=\"l1-authorbox-personal-info\"><a href=\"https:\/\/www.terminsvertreter.com\/ratgeber\/author\/phammerich\/\" class=\"l1-authorbox-name\">Dr. Philipp Hammerich<\/a><p class=\"l1-authorbox-description\">Dr. Philipp Hammerich beendete sein Jura-Studium in Hamburg und promovierte im Anschluss bei Prof. Dr. Hoffmann-Riem, der zu jener Zeit Richter am Bundesverfassungsgericht war. Das Referendariat absolvierte Dr. Philipp Hammerich am OLG Hamburg. Seit 2007 ist er in Deutschland als Rechtsanwalt zugelassen.<\/p><\/div><\/div><\/div>","protected":false},"excerpt":{"rendered":"<p>Nicht immer ist es Rechtsanw\u00e4lten m\u00f6glich, einen ausw\u00e4rtigen Termin wahrzunehmen, ohne daf\u00fcr gr\u00f6\u00dfere Kosten und M\u00fchen aufzuwenden. In derartigen F\u00e4llen kann ein sogenannter Terminsvertreter (oder Korrespondenzanwalt) einspringen. Dieser tritt als Vertreter f\u00fcr Sie als Rechtsanwalt auf und nimmt den \u00f6rtlich ung\u00fcnstig anberaumten Termin an Ihrer Stelle als Unterbevollm\u00e4chtigter wahr. Freilich fallen auch f\u00fcr einen Terminsvertreter entsprechende Geb\u00fchren an, welche sich aus dem Rechtsanwaltsverg\u00fctungsgesetz (kurz: RVG) ergeben. Im folgenden Ratgeber wollen<\/p>\n<a href=\"https:\/\/www.terminsvertreter.com\/ratgeber\/terminsvertreter-gebuehren\/\"> <div class=\"readmorelink\"><div class=\"rmtext\">[ Weiterlesen... ]<\/div><\/div><\/a>","protected":false},"author":23,"featured_media":122,"parent":0,"menu_order":0,"comment_status":"open","ping_status":"closed","template":"","meta":{"_acf_changed":false,"_relevanssi_hide_post":"","_relevanssi_hide_content":"","_relevanssi_pin_for_all":"","_relevanssi_pin_keywords":"","_relevanssi_unpin_keywords":"","_relevanssi_related_keywords":"","_relevanssi_related_include_ids":"","_relevanssi_related_exclude_ids":"","_relevanssi_related_no_append":"","_relevanssi_related_not_related":"","_relevanssi_related_posts":"","_relevanssi_noindex_reason":"","_genesis_hide_title":false,"_genesis_hide_breadcrumbs":false,"_genesis_hide_singular_image":false,"_genesis_hide_footer_widgets":false,"_genesis_custom_body_class":"","_genesis_custom_post_class":"","_genesis_layout":"","footnotes":""},"class_list":{"0":"post-112","1":"page","2":"type-page","3":"status-publish","4":"has-post-thumbnail","6":"entry"},"acf":[],"yoast_head":"<!-- This site is optimized with the Yoast SEO plugin v27.4 - https:\/\/yoast.com\/product\/yoast-seo-wordpress\/ -->\n<title>Terminsvertreter: Welche Geb\u00fchren nach dem RVG bekommt er? - Terminsvertreter-Blog<\/title>\n<meta name=\"robots\" content=\"index, follow, max-snippet:-1, max-image-preview:large, max-video-preview:-1\" \/>\n<link rel=\"canonical\" href=\"https:\/\/www.terminsvertreter.com\/ratgeber\/terminsvertreter-gebuehren\/\" \/>\n<meta property=\"og:locale\" content=\"de_DE\" \/>\n<meta property=\"og:type\" content=\"article\" \/>\n<meta property=\"og:title\" content=\"Terminsvertreter: Welche Geb\u00fchren nach dem RVG bekommt er? - Terminsvertreter-Blog\" \/>\n<meta property=\"og:description\" content=\"Nicht immer ist es Rechtsanw\u00e4lten m\u00f6glich, einen ausw\u00e4rtigen Termin wahrzunehmen, ohne daf\u00fcr gr\u00f6\u00dfere Kosten und M\u00fchen aufzuwenden. In derartigen F\u00e4llen kann ein sogenannter Terminsvertreter (oder Korrespondenzanwalt) einspringen. Dieser tritt als Vertreter f\u00fcr Sie als Rechtsanwalt auf und nimmt den \u00f6rtlich ung\u00fcnstig anberaumten Termin an Ihrer Stelle als Unterbevollm\u00e4chtigter wahr. Freilich fallen auch f\u00fcr einen Terminsvertreter entsprechende Geb\u00fchren an, welche sich aus dem Rechtsanwaltsverg\u00fctungsgesetz (kurz: RVG) ergeben. Im folgenden Ratgeber wollen\" \/>\n<meta property=\"og:url\" content=\"https:\/\/www.terminsvertreter.com\/ratgeber\/terminsvertreter-gebuehren\/\" \/>\n<meta property=\"og:site_name\" content=\"Terminsvertreter-Blog\" \/>\n<meta property=\"article:publisher\" content=\"https:\/\/www.facebook.com\/people\/Terminsvertreter\/100079926887729\/\" \/>\n<meta property=\"article:modified_time\" content=\"2025-04-10T08:22:06+00:00\" \/>\n<meta property=\"og:image\" content=\"https:\/\/www.terminsvertreter.com\/ratgeber\/wp-content\/uploads\/kosten-unterbevollmaechtigter.jpg\" \/>\n\t<meta property=\"og:image:width\" content=\"800\" \/>\n\t<meta property=\"og:image:height\" content=\"350\" \/>\n\t<meta property=\"og:image:type\" content=\"image\/jpeg\" \/>\n<meta name=\"twitter:card\" content=\"summary_large_image\" \/>\n<meta name=\"twitter:site\" content=\"@terminvertreter\" \/>\n<meta name=\"twitter:label1\" content=\"Gesch\u00e4tzte Lesezeit\" \/>\n\t<meta name=\"twitter:data1\" content=\"3\u00a0Minuten\" \/>\n<script type=\"application\/ld+json\" class=\"yoast-schema-graph\">{\"@context\":\"https:\\\/\\\/schema.org\",\"@graph\":[{\"@type\":\"Article\",\"@id\":\"https:\\\/\\\/www.terminsvertreter.com\\\/ratgeber\\\/terminsvertreter-gebuehren\\\/#article\",\"isPartOf\":{\"@id\":\"https:\\\/\\\/www.terminsvertreter.com\\\/ratgeber\\\/terminsvertreter-gebuehren\\\/\"},\"author\":{\"name\":\"Dr. Philipp Hammerich\",\"@id\":\"https:\\\/\\\/www.terminsvertreter.com\\\/ratgeber\\\/#\\\/schema\\\/person\\\/2f5fb45af0c226c494243a02534434d6\"},\"headline\":\"Terminsvertreter: Welche Geb\u00fchren nach dem RVG bekommt er?\",\"datePublished\":\"2017-05-04T11:01:45+00:00\",\"dateModified\":\"2025-04-10T08:22:06+00:00\",\"mainEntityOfPage\":{\"@id\":\"https:\\\/\\\/www.terminsvertreter.com\\\/ratgeber\\\/terminsvertreter-gebuehren\\\/\"},\"wordCount\":457,\"commentCount\":0,\"publisher\":{\"@id\":\"https:\\\/\\\/www.terminsvertreter.com\\\/ratgeber\\\/#organization\"},\"image\":{\"@id\":\"https:\\\/\\\/www.terminsvertreter.com\\\/ratgeber\\\/terminsvertreter-gebuehren\\\/#primaryimage\"},\"thumbnailUrl\":\"https:\\\/\\\/www.terminsvertreter.com\\\/ratgeber\\\/wp-content\\\/uploads\\\/kosten-unterbevollmaechtigter.jpg\",\"inLanguage\":\"de\",\"potentialAction\":[{\"@type\":\"CommentAction\",\"name\":\"Comment\",\"target\":[\"https:\\\/\\\/www.terminsvertreter.com\\\/ratgeber\\\/terminsvertreter-gebuehren\\\/#respond\"]}]},{\"@type\":\"WebPage\",\"@id\":\"https:\\\/\\\/www.terminsvertreter.com\\\/ratgeber\\\/terminsvertreter-gebuehren\\\/\",\"url\":\"https:\\\/\\\/www.terminsvertreter.com\\\/ratgeber\\\/terminsvertreter-gebuehren\\\/\",\"name\":\"Terminsvertreter: Welche Geb\u00fchren nach dem RVG bekommt er? - Terminsvertreter-Blog\",\"isPartOf\":{\"@id\":\"https:\\\/\\\/www.terminsvertreter.com\\\/ratgeber\\\/#website\"},\"primaryImageOfPage\":{\"@id\":\"https:\\\/\\\/www.terminsvertreter.com\\\/ratgeber\\\/terminsvertreter-gebuehren\\\/#primaryimage\"},\"image\":{\"@id\":\"https:\\\/\\\/www.terminsvertreter.com\\\/ratgeber\\\/terminsvertreter-gebuehren\\\/#primaryimage\"},\"thumbnailUrl\":\"https:\\\/\\\/www.terminsvertreter.com\\\/ratgeber\\\/wp-content\\\/uploads\\\/kosten-unterbevollmaechtigter.jpg\",\"datePublished\":\"2017-05-04T11:01:45+00:00\",\"dateModified\":\"2025-04-10T08:22:06+00:00\",\"breadcrumb\":{\"@id\":\"https:\\\/\\\/www.terminsvertreter.com\\\/ratgeber\\\/terminsvertreter-gebuehren\\\/#breadcrumb\"},\"inLanguage\":\"de\",\"potentialAction\":[{\"@type\":\"ReadAction\",\"target\":[\"https:\\\/\\\/www.terminsvertreter.com\\\/ratgeber\\\/terminsvertreter-gebuehren\\\/\"]}]},{\"@type\":\"ImageObject\",\"inLanguage\":\"de\",\"@id\":\"https:\\\/\\\/www.terminsvertreter.com\\\/ratgeber\\\/terminsvertreter-gebuehren\\\/#primaryimage\",\"url\":\"https:\\\/\\\/www.terminsvertreter.com\\\/ratgeber\\\/wp-content\\\/uploads\\\/kosten-unterbevollmaechtigter.jpg\",\"contentUrl\":\"https:\\\/\\\/www.terminsvertreter.com\\\/ratgeber\\\/wp-content\\\/uploads\\\/kosten-unterbevollmaechtigter.jpg\",\"width\":800,\"height\":350,\"caption\":\"Welche Kosten kann ein Unterbevollm\u00e4chtigter geltend machen?\"},{\"@type\":\"BreadcrumbList\",\"@id\":\"https:\\\/\\\/www.terminsvertreter.com\\\/ratgeber\\\/terminsvertreter-gebuehren\\\/#breadcrumb\",\"itemListElement\":[{\"@type\":\"ListItem\",\"position\":1,\"name\":\"Home\",\"item\":\"https:\\\/\\\/www.terminsvertreter.com\\\/ratgeber\\\/\"},{\"@type\":\"ListItem\",\"position\":2,\"name\":\"Terminsvertreter: Welche Geb\u00fchren nach dem RVG bekommt er?\"}]},{\"@type\":\"WebSite\",\"@id\":\"https:\\\/\\\/www.terminsvertreter.com\\\/ratgeber\\\/#website\",\"url\":\"https:\\\/\\\/www.terminsvertreter.com\\\/ratgeber\\\/\",\"name\":\"Terminsvertreter-Blog\",\"description\":\"News und Ratgeber\",\"publisher\":{\"@id\":\"https:\\\/\\\/www.terminsvertreter.com\\\/ratgeber\\\/#organization\"},\"potentialAction\":[{\"@type\":\"SearchAction\",\"target\":{\"@type\":\"EntryPoint\",\"urlTemplate\":\"https:\\\/\\\/www.terminsvertreter.com\\\/ratgeber\\\/?s={search_term_string}\"},\"query-input\":{\"@type\":\"PropertyValueSpecification\",\"valueRequired\":true,\"valueName\":\"search_term_string\"}}],\"inLanguage\":\"de\"},{\"@type\":\"Organization\",\"@id\":\"https:\\\/\\\/www.terminsvertreter.com\\\/ratgeber\\\/#organization\",\"name\":\"Terminsvertreter-Blog\",\"url\":\"https:\\\/\\\/www.terminsvertreter.com\\\/ratgeber\\\/\",\"logo\":{\"@type\":\"ImageObject\",\"inLanguage\":\"de\",\"@id\":\"https:\\\/\\\/www.terminsvertreter.com\\\/ratgeber\\\/#\\\/schema\\\/logo\\\/image\\\/\",\"url\":\"https:\\\/\\\/www.terminsvertreter.com\\\/ratgeber\\\/wp-content\\\/uploads\\\/terminsvertreter-logo.webp\",\"contentUrl\":\"https:\\\/\\\/www.terminsvertreter.com\\\/ratgeber\\\/wp-content\\\/uploads\\\/terminsvertreter-logo.webp\",\"width\":400,\"height\":64,\"caption\":\"Terminsvertreter-Blog\"},\"image\":{\"@id\":\"https:\\\/\\\/www.terminsvertreter.com\\\/ratgeber\\\/#\\\/schema\\\/logo\\\/image\\\/\"},\"sameAs\":[\"https:\\\/\\\/www.facebook.com\\\/people\\\/Terminsvertreter\\\/100079926887729\\\/\",\"https:\\\/\\\/x.com\\\/terminvertreter\"]},{\"@type\":\"Person\",\"@id\":\"https:\\\/\\\/www.terminsvertreter.com\\\/ratgeber\\\/#\\\/schema\\\/person\\\/2f5fb45af0c226c494243a02534434d6\",\"name\":\"Dr. Philipp Hammerich\",\"image\":{\"@type\":\"ImageObject\",\"inLanguage\":\"de\",\"@id\":\"https:\\\/\\\/www.terminsvertreter.com\\\/ratgeber\\\/wp-content\\\/uploads\\\/philipp-hammerich-ra-96x96.png\",\"url\":\"https:\\\/\\\/www.terminsvertreter.com\\\/ratgeber\\\/wp-content\\\/uploads\\\/philipp-hammerich-ra-96x96.png\",\"contentUrl\":\"https:\\\/\\\/www.terminsvertreter.com\\\/ratgeber\\\/wp-content\\\/uploads\\\/philipp-hammerich-ra-96x96.png\",\"caption\":\"Dr. Philipp Hammerich\"},\"description\":\"Dr. Philipp Hammerich beendete sein Jura-Studium in Hamburg und promovierte im Anschluss bei Prof. Dr. Hoffmann-Riem, der zu jener Zeit Richter am Bundesverfassungsgericht war. Das Referendariat absolvierte Dr. Philipp Hammerich am OLG Hamburg. Seit 2007 ist er in Deutschland als Rechtsanwalt zugelassen.\",\"sameAs\":[\"https:\\\/\\\/x.com\\\/gitte.hartung@legal.one\"],\"url\":\"https:\\\/\\\/www.terminsvertreter.com\\\/ratgeber\\\/author\\\/phammerich\\\/\"}]}<\/script>\n<!-- \/ Yoast SEO plugin. -->","yoast_head_json":{"title":"Terminsvertreter: Welche Geb\u00fchren nach dem RVG bekommt er? - Terminsvertreter-Blog","robots":{"index":"index","follow":"follow","max-snippet":"max-snippet:-1","max-image-preview":"max-image-preview:large","max-video-preview":"max-video-preview:-1"},"canonical":"https:\/\/www.terminsvertreter.com\/ratgeber\/terminsvertreter-gebuehren\/","og_locale":"de_DE","og_type":"article","og_title":"Terminsvertreter: Welche Geb\u00fchren nach dem RVG bekommt er? - Terminsvertreter-Blog","og_description":"Nicht immer ist es Rechtsanw\u00e4lten m\u00f6glich, einen ausw\u00e4rtigen Termin wahrzunehmen, ohne daf\u00fcr gr\u00f6\u00dfere Kosten und M\u00fchen aufzuwenden. In derartigen F\u00e4llen kann ein sogenannter Terminsvertreter (oder Korrespondenzanwalt) einspringen. Dieser tritt als Vertreter f\u00fcr Sie als Rechtsanwalt auf und nimmt den \u00f6rtlich ung\u00fcnstig anberaumten Termin an Ihrer Stelle als Unterbevollm\u00e4chtigter wahr. Freilich fallen auch f\u00fcr einen Terminsvertreter entsprechende Geb\u00fchren an, welche sich aus dem Rechtsanwaltsverg\u00fctungsgesetz (kurz: RVG) ergeben. Im folgenden Ratgeber wollen","og_url":"https:\/\/www.terminsvertreter.com\/ratgeber\/terminsvertreter-gebuehren\/","og_site_name":"Terminsvertreter-Blog","article_publisher":"https:\/\/www.facebook.com\/people\/Terminsvertreter\/100079926887729\/","article_modified_time":"2025-04-10T08:22:06+00:00","og_image":[{"width":800,"height":350,"url":"https:\/\/www.terminsvertreter.com\/ratgeber\/wp-content\/uploads\/kosten-unterbevollmaechtigter.jpg","type":"image\/jpeg"}],"twitter_card":"summary_large_image","twitter_site":"@terminvertreter","twitter_misc":{"Gesch\u00e4tzte Lesezeit":"3\u00a0Minuten"},"schema":{"@context":"https:\/\/schema.org","@graph":[{"@type":"Article","@id":"https:\/\/www.terminsvertreter.com\/ratgeber\/terminsvertreter-gebuehren\/#article","isPartOf":{"@id":"https:\/\/www.terminsvertreter.com\/ratgeber\/terminsvertreter-gebuehren\/"},"author":{"name":"Dr. Philipp Hammerich","@id":"https:\/\/www.terminsvertreter.com\/ratgeber\/#\/schema\/person\/2f5fb45af0c226c494243a02534434d6"},"headline":"Terminsvertreter: Welche Geb\u00fchren nach dem RVG bekommt er?","datePublished":"2017-05-04T11:01:45+00:00","dateModified":"2025-04-10T08:22:06+00:00","mainEntityOfPage":{"@id":"https:\/\/www.terminsvertreter.com\/ratgeber\/terminsvertreter-gebuehren\/"},"wordCount":457,"commentCount":0,"publisher":{"@id":"https:\/\/www.terminsvertreter.com\/ratgeber\/#organization"},"image":{"@id":"https:\/\/www.terminsvertreter.com\/ratgeber\/terminsvertreter-gebuehren\/#primaryimage"},"thumbnailUrl":"https:\/\/www.terminsvertreter.com\/ratgeber\/wp-content\/uploads\/kosten-unterbevollmaechtigter.jpg","inLanguage":"de","potentialAction":[{"@type":"CommentAction","name":"Comment","target":["https:\/\/www.terminsvertreter.com\/ratgeber\/terminsvertreter-gebuehren\/#respond"]}]},{"@type":"WebPage","@id":"https:\/\/www.terminsvertreter.com\/ratgeber\/terminsvertreter-gebuehren\/","url":"https:\/\/www.terminsvertreter.com\/ratgeber\/terminsvertreter-gebuehren\/","name":"Terminsvertreter: Welche Geb\u00fchren nach dem RVG bekommt er? - Terminsvertreter-Blog","isPartOf":{"@id":"https:\/\/www.terminsvertreter.com\/ratgeber\/#website"},"primaryImageOfPage":{"@id":"https:\/\/www.terminsvertreter.com\/ratgeber\/terminsvertreter-gebuehren\/#primaryimage"},"image":{"@id":"https:\/\/www.terminsvertreter.com\/ratgeber\/terminsvertreter-gebuehren\/#primaryimage"},"thumbnailUrl":"https:\/\/www.terminsvertreter.com\/ratgeber\/wp-content\/uploads\/kosten-unterbevollmaechtigter.jpg","datePublished":"2017-05-04T11:01:45+00:00","dateModified":"2025-04-10T08:22:06+00:00","breadcrumb":{"@id":"https:\/\/www.terminsvertreter.com\/ratgeber\/terminsvertreter-gebuehren\/#breadcrumb"},"inLanguage":"de","potentialAction":[{"@type":"ReadAction","target":["https:\/\/www.terminsvertreter.com\/ratgeber\/terminsvertreter-gebuehren\/"]}]},{"@type":"ImageObject","inLanguage":"de","@id":"https:\/\/www.terminsvertreter.com\/ratgeber\/terminsvertreter-gebuehren\/#primaryimage","url":"https:\/\/www.terminsvertreter.com\/ratgeber\/wp-content\/uploads\/kosten-unterbevollmaechtigter.jpg","contentUrl":"https:\/\/www.terminsvertreter.com\/ratgeber\/wp-content\/uploads\/kosten-unterbevollmaechtigter.jpg","width":800,"height":350,"caption":"Welche Kosten kann ein Unterbevollm\u00e4chtigter geltend machen?"},{"@type":"BreadcrumbList","@id":"https:\/\/www.terminsvertreter.com\/ratgeber\/terminsvertreter-gebuehren\/#breadcrumb","itemListElement":[{"@type":"ListItem","position":1,"name":"Home","item":"https:\/\/www.terminsvertreter.com\/ratgeber\/"},{"@type":"ListItem","position":2,"name":"Terminsvertreter: Welche Geb\u00fchren nach dem RVG bekommt er?"}]},{"@type":"WebSite","@id":"https:\/\/www.terminsvertreter.com\/ratgeber\/#website","url":"https:\/\/www.terminsvertreter.com\/ratgeber\/","name":"Terminsvertreter-Blog","description":"News und Ratgeber","publisher":{"@id":"https:\/\/www.terminsvertreter.com\/ratgeber\/#organization"},"potentialAction":[{"@type":"SearchAction","target":{"@type":"EntryPoint","urlTemplate":"https:\/\/www.terminsvertreter.com\/ratgeber\/?s={search_term_string}"},"query-input":{"@type":"PropertyValueSpecification","valueRequired":true,"valueName":"search_term_string"}}],"inLanguage":"de"},{"@type":"Organization","@id":"https:\/\/www.terminsvertreter.com\/ratgeber\/#organization","name":"Terminsvertreter-Blog","url":"https:\/\/www.terminsvertreter.com\/ratgeber\/","logo":{"@type":"ImageObject","inLanguage":"de","@id":"https:\/\/www.terminsvertreter.com\/ratgeber\/#\/schema\/logo\/image\/","url":"https:\/\/www.terminsvertreter.com\/ratgeber\/wp-content\/uploads\/terminsvertreter-logo.webp","contentUrl":"https:\/\/www.terminsvertreter.com\/ratgeber\/wp-content\/uploads\/terminsvertreter-logo.webp","width":400,"height":64,"caption":"Terminsvertreter-Blog"},"image":{"@id":"https:\/\/www.terminsvertreter.com\/ratgeber\/#\/schema\/logo\/image\/"},"sameAs":["https:\/\/www.facebook.com\/people\/Terminsvertreter\/100079926887729\/","https:\/\/x.com\/terminvertreter"]},{"@type":"Person","@id":"https:\/\/www.terminsvertreter.com\/ratgeber\/#\/schema\/person\/2f5fb45af0c226c494243a02534434d6","name":"Dr. Philipp Hammerich","image":{"@type":"ImageObject","inLanguage":"de","@id":"https:\/\/www.terminsvertreter.com\/ratgeber\/wp-content\/uploads\/philipp-hammerich-ra-96x96.png","url":"https:\/\/www.terminsvertreter.com\/ratgeber\/wp-content\/uploads\/philipp-hammerich-ra-96x96.png","contentUrl":"https:\/\/www.terminsvertreter.com\/ratgeber\/wp-content\/uploads\/philipp-hammerich-ra-96x96.png","caption":"Dr. Philipp Hammerich"},"description":"Dr. Philipp Hammerich beendete sein Jura-Studium in Hamburg und promovierte im Anschluss bei Prof. Dr. Hoffmann-Riem, der zu jener Zeit Richter am Bundesverfassungsgericht war. Das Referendariat absolvierte Dr. Philipp Hammerich am OLG Hamburg. Seit 2007 ist er in Deutschland als Rechtsanwalt zugelassen.","sameAs":["https:\/\/x.com\/gitte.hartung@legal.one"],"url":"https:\/\/www.terminsvertreter.com\/ratgeber\/author\/phammerich\/"}]}},"_links":{"self":[{"href":"https:\/\/www.terminsvertreter.com\/ratgeber\/wp-json\/wp\/v2\/pages\/112","targetHints":{"allow":["GET"]}}],"collection":[{"href":"https:\/\/www.terminsvertreter.com\/ratgeber\/wp-json\/wp\/v2\/pages"}],"about":[{"href":"https:\/\/www.terminsvertreter.com\/ratgeber\/wp-json\/wp\/v2\/types\/page"}],"author":[{"embeddable":true,"href":"https:\/\/www.terminsvertreter.com\/ratgeber\/wp-json\/wp\/v2\/users\/23"}],"replies":[{"embeddable":true,"href":"https:\/\/www.terminsvertreter.com\/ratgeber\/wp-json\/wp\/v2\/comments?post=112"}],"version-history":[{"count":25,"href":"https:\/\/www.terminsvertreter.com\/ratgeber\/wp-json\/wp\/v2\/pages\/112\/revisions"}],"predecessor-version":[{"id":929,"href":"https:\/\/www.terminsvertreter.com\/ratgeber\/wp-json\/wp\/v2\/pages\/112\/revisions\/929"}],"wp:featuredmedia":[{"embeddable":true,"href":"https:\/\/www.terminsvertreter.com\/ratgeber\/wp-json\/wp\/v2\/media\/122"}],"wp:attachment":[{"href":"https:\/\/www.terminsvertreter.com\/ratgeber\/wp-json\/wp\/v2\/media?parent=112"}],"curies":[{"name":"wp","href":"https:\/\/api.w.org\/{rel}","templated":true}]}}