{"id":131,"date":"2017-05-05T11:40:24","date_gmt":"2017-05-05T09:40:24","guid":{"rendered":"https:\/\/www.terminsvertreter.com\/ratgeber\/?page_id=131"},"modified":"2025-04-10T10:22:06","modified_gmt":"2025-04-10T08:22:06","slug":"unterbevollmaechtigter","status":"publish","type":"page","link":"https:\/\/www.terminsvertreter.com\/ratgeber\/unterbevollmaechtigter\/","title":{"rendered":"Unterbevollm\u00e4chtigter: Wann ist eine Terminsvertretung sinnvoll?"},"content":{"rendered":"<p>Bestimmte Lebenssituationen sind nur schwer alleine zu meistern. Wer beispielsweise nach einem <strong>Unfall im Stra\u00dfenverkehr<\/strong> im Streit mit dem Unfallgegner liegt oder schon mal <strong>rechtliche Auseinandersetzungen<\/strong> mit seinem Vermieter hatte, der wei\u00df, als wie hilfreich sich <strong>professioneller juristischer Rat<\/strong> erweisen kann. Doch was ist eigentlich, wenn Sie als auserw\u00e4hlter Anwalt des Vertrauens nicht selbst zum <strong>anberaumten Gerichtstermin erscheinen<\/strong> k\u00f6nnen? Wie verh\u00e4lt es sich, wenn der Verhandlungsort f\u00fcr von Ihrem Kanzleisitz zu weit entfernt liegt und deshalb nur mit <strong>erheblicher Zeit und M\u00fche<\/strong> zu erreichen ist? Im folgenden Ratgeber kl\u00e4ren wir Sie \u00fcber diese Problematik sowie deren Kosten und L\u00f6sung mittels Unterbevollm\u00e4chtigten auf.<\/p>\n<h2><span class=\"ez-toc-section\" id=\"Wie_ein_unterbevollmaechtigter_Rechtsanwalt_helfen_kann\"><\/span>Wie ein unterbevollm\u00e4chtigter Rechtsanwalt helfen kann<span class=\"ez-toc-section-end\"><\/span><\/h2>\n<figure id=\"attachment_143\" aria-describedby=\"caption-attachment-143\" style=\"width: 800px\" class=\"wp-caption aligncenter\"><img decoding=\"async\" src=\"https:\/\/www.terminsvertreter.com\/ratgeber\/wp-content\/uploads\/unterbevollmaechtigter.jpg\" alt=\"Unterbevollm\u00e4chtigter: Wie k\u00f6nnen Sie ihn bestellen?\" width=\"800\" height=\"350\" class=\"size-full wp-image-143\" srcset=\"https:\/\/www.terminsvertreter.com\/ratgeber\/wp-content\/uploads\/unterbevollmaechtigter.jpg 800w, https:\/\/www.terminsvertreter.com\/ratgeber\/wp-content\/uploads\/unterbevollmaechtigter-300x131.jpg 300w, https:\/\/www.terminsvertreter.com\/ratgeber\/wp-content\/uploads\/unterbevollmaechtigter-768x336.jpg 768w\" sizes=\"(max-width: 800px) 100vw, 800px\" \/><figcaption id=\"caption-attachment-143\" class=\"wp-caption-text\">Unterbevollm\u00e4chtigter: Wie k\u00f6nnen Sie ihn bestellen?<\/figcaption><\/figure>\n<div id=\"ez-toc-container\" class=\"ez-toc-v2_0_82_2 counter-hierarchy ez-toc-counter ez-toc-custom ez-toc-container-direction\">\n<div class=\"ez-toc-title-container\"><p class=\"ez-toc-title\" style=\"cursor:inherit\">Inhaltsverzeichnis<\/p>\n<\/div><nav><ul class='ez-toc-list ez-toc-list-level-1 ' ><li class='ez-toc-page-1 ez-toc-heading-level-2'><a class=\"ez-toc-link ez-toc-heading-1\" href=\"https:\/\/www.terminsvertreter.com\/ratgeber\/unterbevollmaechtigter\/#Wie_ein_unterbevollmaechtigter_Rechtsanwalt_helfen_kann\" >Wie ein unterbevollm\u00e4chtigter Rechtsanwalt helfen kann<\/a><\/li><li class='ez-toc-page-1 ez-toc-heading-level-2'><a class=\"ez-toc-link ez-toc-heading-2\" href=\"https:\/\/www.terminsvertreter.com\/ratgeber\/unterbevollmaechtigter\/#Kosten_Welche_Verguetung_steht_dem_Unterbevollmaechtigten_zu\" >Kosten: Welche Verg\u00fctung steht dem Unterbevollm\u00e4chtigten zu?<\/a><\/li><\/ul><\/nav><\/div>\n\n<p>Erweist sich die Situation wie oben beschrieben als schwierig und Sie sehen sich in der Position des Hauptbevollm\u00e4chtigten au\u00dferstande, einen <strong>anberaumten Gerichtstermin pers\u00f6nlich wahrzunehmen<\/strong>, kann der <strong>Unterbevollm\u00e4chtigte <\/strong> beauftragt werden und vor Ort f\u00fcr Sie einspringen, der sogenannte Terminsvertreter. Hierdurch kann Ihr <strong>Berufsalltag als Rechtsanwalt<\/strong> enorm entlastet werden.<\/p>\n<p>Als Untervollmacht wird im Allgemeinen eine <strong>Vertretungsmacht innerhalb von Rechtsgesch\u00e4ften<\/strong> (jeglicher Art) bezeichnet, bei der ein bereits seinerseits bevollm\u00e4chtigter Stellvertreter eine <strong>Vollmacht an eine dritte Person<\/strong> erteilt. Es liegt hierbei also ein <strong>Drei-Personen-Verh\u00e4ltnis<\/strong> vor. Innerhalb dessen kann ein Unterbevollm\u00e4chtigter entweder als <strong>Vertreter f\u00fcr den eigentlichen Gesch\u00e4ftsherrn<\/strong> auftreten oder aber als <strong>Vertreter der Vertreters<\/strong> fungieren. Bestellen Sie einen <strong>in Untervollmacht t\u00e4tigen Anwalt<\/strong> als Terminsvertreter, tritt dieser als Ihr Vertreter auf. <\/p>\n<div class=\"infobox\">Es gibt neben der <strong>T\u00e4tigkeit eines Anwaltes als Unterbevollm\u00e4chtigter<\/strong> auch weitere Rechtsbereiche, in denen der Unterbevollm\u00e4chtigte zum Einsatz kommen kann. Denkbar sind hierbei eine Vielzahl von F\u00e4llen, in denen sich Personen eines Stellvertreters bedienen, um <strong>Rechtsgesch\u00e4fte abzuschlie\u00dfen<\/strong>. Die Begrifflichkeit beschr\u00e4nkt sich also keineswegs auf die <strong>T\u00e4tigkeit von Anw\u00e4lten und Kanzleien<\/strong> in Bezug auf die Wahrnehmung gerichtlicher Termine.<\/div>\n<h2><span class=\"ez-toc-section\" id=\"Kosten_Welche_Verguetung_steht_dem_Unterbevollmaechtigten_zu\"><\/span>Kosten: Welche Verg\u00fctung steht dem Unterbevollm\u00e4chtigten zu?<span class=\"ez-toc-section-end\"><\/span><\/h2>\n<p><figure id=\"attachment_144\" aria-describedby=\"caption-attachment-144\" style=\"width: 300px\" class=\"wp-caption alignleft\"><img decoding=\"async\" src=\"https:\/\/www.terminsvertreter.com\/ratgeber\/wp-content\/uploads\/untervollmacht-terminsvertretung.jpg\" alt=\"Untervollmacht: Eine Terminsvertretung kann Sie als Anwalt entlasten.\" width=\"300\" height=\"200\" class=\"size-full wp-image-144\" \/><figcaption id=\"caption-attachment-144\" class=\"wp-caption-text\">Untervollmacht: Eine Terminsvertretung kann Sie als Anwalt entlasten.<\/figcaption><\/figure>Wird ein Unterbevollm\u00e4chtigter beauftragt, bekommt Geb\u00fchren nach dem Gesetz \u00fcber die Verg\u00fctung der Rechtsanw\u00e4ltinnen und Rechtsanw\u00e4lte (kurz: Rechtsanwaltsverg\u00fctungsgesetz \u2013 RVG). <\/p>\n<p>Ihm steht zum einen eine Verfahrensgeb\u00fchr zu, die sich auf die H\u00e4lfte der Ihnen als Prozessbevollm\u00e4chtigter zustehenden Geb\u00fchr bel\u00e4uft. Dies ergibt sich aus dem Verg\u00fctungsverzeichnis sverzeichnis zum RVG<\/strong> (VV RVG), genauer gesagt aus Nr. 3401 VV RVG. <\/p>\n<div class=\"tipp\">Ferner bekommt der Unterbevollm\u00e4chtigte eine sogenannte <a href=\"https:\/\/www.terminsvertreter.com\/ratgeber\/terminsgebuehr\/\">Terminsgeb\u00fchr<\/a> und zwar in derselben H\u00f6he wie Sie als Prozessbevollm\u00e4chtigter. Die Vorschrift, aus der sich dies ergibt, ist Nr. 3402 VV RVG. Die Terminsgeb\u00fchr entsteht bei der <strong>Vertretung in einem gerichtlichen Termin<\/strong>. Auch hierbei ist die jeweilige <strong>H\u00f6he des Streitgegenstandes von Relevanz<\/strong>. Danach bemisst sich, wie hoch die <strong>jeweilige Terminsgeb\u00fchr<\/strong> ausf\u00e4llt.<\/div>\n<p><em>Bildnachweise: istockphoto.com\/liveostockimages, istockphoto.com\/kzenon<\/em><\/p>\n<div class=\"l1-authorbox\"><h3 class=\"l1-authorbox-intro\">\u00dcber den Autor<\/h3><div class=\"l1-authorbox-inner\"><div class=\"l1-authorbox-avatar\"><img alt='Dr. Philipp Hammerich' src='https:\/\/www.terminsvertreter.com\/ratgeber\/wp-content\/uploads\/philipp-hammerich-ra-150x150.png' srcset='https:\/\/www.terminsvertreter.com\/ratgeber\/wp-content\/uploads\/philipp-hammerich-ra-300x300.png 2x' class='avatar avatar-150 photo' height='150' width='150' \/><\/div><div class=\"l1-authorbox-personal-info\"><a href=\"https:\/\/www.terminsvertreter.com\/ratgeber\/author\/phammerich\/\" class=\"l1-authorbox-name\">Dr. Philipp Hammerich<\/a><p class=\"l1-authorbox-description\">Dr. Philipp Hammerich beendete sein Jura-Studium in Hamburg und promovierte im Anschluss bei Prof. Dr. Hoffmann-Riem, der zu jener Zeit Richter am Bundesverfassungsgericht war. Das Referendariat absolvierte Dr. Philipp Hammerich am OLG Hamburg. Seit 2007 ist er in Deutschland als Rechtsanwalt zugelassen.<\/p><\/div><\/div><\/div>","protected":false},"excerpt":{"rendered":"<p>Bestimmte Lebenssituationen sind nur schwer alleine zu meistern. Wer beispielsweise nach einem Unfall im Stra\u00dfenverkehr im Streit mit dem Unfallgegner liegt oder schon mal rechtliche Auseinandersetzungen mit seinem Vermieter hatte, der wei\u00df, als wie hilfreich sich professioneller juristischer Rat erweisen kann. Doch was ist eigentlich, wenn Sie als auserw\u00e4hlter Anwalt des Vertrauens nicht selbst zum anberaumten Gerichtstermin erscheinen k\u00f6nnen? Wie verh\u00e4lt es sich, wenn der Verhandlungsort f\u00fcr von Ihrem Kanzleisitz<\/p>\n<a href=\"https:\/\/www.terminsvertreter.com\/ratgeber\/unterbevollmaechtigter\/\"> <div class=\"readmorelink\"><div class=\"rmtext\">[ Weiterlesen... ]<\/div><\/div><\/a>","protected":false},"author":23,"featured_media":143,"parent":0,"menu_order":0,"comment_status":"open","ping_status":"closed","template":"","meta":{"_acf_changed":false,"_relevanssi_hide_post":"","_relevanssi_hide_content":"","_relevanssi_pin_for_all":"","_relevanssi_pin_keywords":"","_relevanssi_unpin_keywords":"","_relevanssi_related_keywords":"","_relevanssi_related_include_ids":"","_relevanssi_related_exclude_ids":"","_relevanssi_related_no_append":"","_relevanssi_related_not_related":"","_relevanssi_related_posts":"","_relevanssi_noindex_reason":"","_genesis_hide_title":false,"_genesis_hide_breadcrumbs":false,"_genesis_hide_singular_image":false,"_genesis_hide_footer_widgets":false,"_genesis_custom_body_class":"","_genesis_custom_post_class":"","_genesis_layout":"","footnotes":""},"class_list":{"0":"post-131","1":"page","2":"type-page","3":"status-publish","4":"has-post-thumbnail","6":"entry"},"acf":[],"yoast_head":"<!-- This site is optimized with the Yoast SEO plugin v27.5 - https:\/\/yoast.com\/product\/yoast-seo-wordpress\/ -->\n<title>Unterbevollm\u00e4chtigter: Wann ist eine Terminsvertretung sinnvoll? - Terminsvertreter-Blog<\/title>\n<meta name=\"robots\" content=\"index, follow, max-snippet:-1, max-image-preview:large, max-video-preview:-1\" \/>\n<link rel=\"canonical\" href=\"https:\/\/www.terminsvertreter.com\/ratgeber\/unterbevollmaechtigter\/\" \/>\n<meta property=\"og:locale\" content=\"de_DE\" \/>\n<meta property=\"og:type\" content=\"article\" \/>\n<meta property=\"og:title\" content=\"Unterbevollm\u00e4chtigter: Wann ist eine Terminsvertretung sinnvoll? - Terminsvertreter-Blog\" \/>\n<meta property=\"og:description\" content=\"Bestimmte Lebenssituationen sind nur schwer alleine zu meistern. Wer beispielsweise nach einem Unfall im Stra\u00dfenverkehr im Streit mit dem Unfallgegner liegt oder schon mal rechtliche Auseinandersetzungen mit seinem Vermieter hatte, der wei\u00df, als wie hilfreich sich professioneller juristischer Rat erweisen kann. Doch was ist eigentlich, wenn Sie als auserw\u00e4hlter Anwalt des Vertrauens nicht selbst zum anberaumten Gerichtstermin erscheinen k\u00f6nnen? Wie verh\u00e4lt es sich, wenn der Verhandlungsort f\u00fcr von Ihrem Kanzleisitz\" \/>\n<meta property=\"og:url\" content=\"https:\/\/www.terminsvertreter.com\/ratgeber\/unterbevollmaechtigter\/\" \/>\n<meta property=\"og:site_name\" content=\"Terminsvertreter-Blog\" \/>\n<meta property=\"article:publisher\" content=\"https:\/\/www.facebook.com\/people\/Terminsvertreter\/100079926887729\/\" \/>\n<meta property=\"article:modified_time\" content=\"2025-04-10T08:22:06+00:00\" \/>\n<meta property=\"og:image\" content=\"https:\/\/www.terminsvertreter.com\/ratgeber\/wp-content\/uploads\/unterbevollmaechtigter.jpg\" \/>\n\t<meta property=\"og:image:width\" content=\"800\" \/>\n\t<meta property=\"og:image:height\" content=\"350\" \/>\n\t<meta property=\"og:image:type\" content=\"image\/jpeg\" \/>\n<meta name=\"twitter:card\" content=\"summary_large_image\" \/>\n<meta name=\"twitter:site\" content=\"@terminvertreter\" \/>\n<meta name=\"twitter:label1\" content=\"Gesch\u00e4tzte Lesezeit\" \/>\n\t<meta name=\"twitter:data1\" content=\"2\u00a0Minuten\" \/>\n<script type=\"application\/ld+json\" class=\"yoast-schema-graph\">{\"@context\":\"https:\\\/\\\/schema.org\",\"@graph\":[{\"@type\":\"Article\",\"@id\":\"https:\\\/\\\/www.terminsvertreter.com\\\/ratgeber\\\/unterbevollmaechtigter\\\/#article\",\"isPartOf\":{\"@id\":\"https:\\\/\\\/www.terminsvertreter.com\\\/ratgeber\\\/unterbevollmaechtigter\\\/\"},\"author\":{\"name\":\"Dr. Philipp Hammerich\",\"@id\":\"https:\\\/\\\/www.terminsvertreter.com\\\/ratgeber\\\/#\\\/schema\\\/person\\\/2f5fb45af0c226c494243a02534434d6\"},\"headline\":\"Unterbevollm\u00e4chtigter: Wann ist eine Terminsvertretung sinnvoll?\",\"datePublished\":\"2017-05-05T09:40:24+00:00\",\"dateModified\":\"2025-04-10T08:22:06+00:00\",\"mainEntityOfPage\":{\"@id\":\"https:\\\/\\\/www.terminsvertreter.com\\\/ratgeber\\\/unterbevollmaechtigter\\\/\"},\"wordCount\":497,\"commentCount\":0,\"publisher\":{\"@id\":\"https:\\\/\\\/www.terminsvertreter.com\\\/ratgeber\\\/#organization\"},\"image\":{\"@id\":\"https:\\\/\\\/www.terminsvertreter.com\\\/ratgeber\\\/unterbevollmaechtigter\\\/#primaryimage\"},\"thumbnailUrl\":\"https:\\\/\\\/www.terminsvertreter.com\\\/ratgeber\\\/wp-content\\\/uploads\\\/unterbevollmaechtigter.jpg\",\"inLanguage\":\"de\",\"potentialAction\":[{\"@type\":\"CommentAction\",\"name\":\"Comment\",\"target\":[\"https:\\\/\\\/www.terminsvertreter.com\\\/ratgeber\\\/unterbevollmaechtigter\\\/#respond\"]}]},{\"@type\":\"WebPage\",\"@id\":\"https:\\\/\\\/www.terminsvertreter.com\\\/ratgeber\\\/unterbevollmaechtigter\\\/\",\"url\":\"https:\\\/\\\/www.terminsvertreter.com\\\/ratgeber\\\/unterbevollmaechtigter\\\/\",\"name\":\"Unterbevollm\u00e4chtigter: Wann ist eine Terminsvertretung sinnvoll? - Terminsvertreter-Blog\",\"isPartOf\":{\"@id\":\"https:\\\/\\\/www.terminsvertreter.com\\\/ratgeber\\\/#website\"},\"primaryImageOfPage\":{\"@id\":\"https:\\\/\\\/www.terminsvertreter.com\\\/ratgeber\\\/unterbevollmaechtigter\\\/#primaryimage\"},\"image\":{\"@id\":\"https:\\\/\\\/www.terminsvertreter.com\\\/ratgeber\\\/unterbevollmaechtigter\\\/#primaryimage\"},\"thumbnailUrl\":\"https:\\\/\\\/www.terminsvertreter.com\\\/ratgeber\\\/wp-content\\\/uploads\\\/unterbevollmaechtigter.jpg\",\"datePublished\":\"2017-05-05T09:40:24+00:00\",\"dateModified\":\"2025-04-10T08:22:06+00:00\",\"breadcrumb\":{\"@id\":\"https:\\\/\\\/www.terminsvertreter.com\\\/ratgeber\\\/unterbevollmaechtigter\\\/#breadcrumb\"},\"inLanguage\":\"de\",\"potentialAction\":[{\"@type\":\"ReadAction\",\"target\":[\"https:\\\/\\\/www.terminsvertreter.com\\\/ratgeber\\\/unterbevollmaechtigter\\\/\"]}]},{\"@type\":\"ImageObject\",\"inLanguage\":\"de\",\"@id\":\"https:\\\/\\\/www.terminsvertreter.com\\\/ratgeber\\\/unterbevollmaechtigter\\\/#primaryimage\",\"url\":\"https:\\\/\\\/www.terminsvertreter.com\\\/ratgeber\\\/wp-content\\\/uploads\\\/unterbevollmaechtigter.jpg\",\"contentUrl\":\"https:\\\/\\\/www.terminsvertreter.com\\\/ratgeber\\\/wp-content\\\/uploads\\\/unterbevollmaechtigter.jpg\",\"width\":800,\"height\":350,\"caption\":\"Unterbevollm\u00e4chtigter: Wie k\u00f6nnen Sie ihn bestellen?\"},{\"@type\":\"BreadcrumbList\",\"@id\":\"https:\\\/\\\/www.terminsvertreter.com\\\/ratgeber\\\/unterbevollmaechtigter\\\/#breadcrumb\",\"itemListElement\":[{\"@type\":\"ListItem\",\"position\":1,\"name\":\"Home\",\"item\":\"https:\\\/\\\/www.terminsvertreter.com\\\/ratgeber\\\/\"},{\"@type\":\"ListItem\",\"position\":2,\"name\":\"Unterbevollm\u00e4chtigter: Wann ist eine Terminsvertretung sinnvoll?\"}]},{\"@type\":\"WebSite\",\"@id\":\"https:\\\/\\\/www.terminsvertreter.com\\\/ratgeber\\\/#website\",\"url\":\"https:\\\/\\\/www.terminsvertreter.com\\\/ratgeber\\\/\",\"name\":\"Terminsvertreter-Blog\",\"description\":\"News und Ratgeber\",\"publisher\":{\"@id\":\"https:\\\/\\\/www.terminsvertreter.com\\\/ratgeber\\\/#organization\"},\"potentialAction\":[{\"@type\":\"SearchAction\",\"target\":{\"@type\":\"EntryPoint\",\"urlTemplate\":\"https:\\\/\\\/www.terminsvertreter.com\\\/ratgeber\\\/?s={search_term_string}\"},\"query-input\":{\"@type\":\"PropertyValueSpecification\",\"valueRequired\":true,\"valueName\":\"search_term_string\"}}],\"inLanguage\":\"de\"},{\"@type\":\"Organization\",\"@id\":\"https:\\\/\\\/www.terminsvertreter.com\\\/ratgeber\\\/#organization\",\"name\":\"Terminsvertreter-Blog\",\"url\":\"https:\\\/\\\/www.terminsvertreter.com\\\/ratgeber\\\/\",\"logo\":{\"@type\":\"ImageObject\",\"inLanguage\":\"de\",\"@id\":\"https:\\\/\\\/www.terminsvertreter.com\\\/ratgeber\\\/#\\\/schema\\\/logo\\\/image\\\/\",\"url\":\"https:\\\/\\\/www.terminsvertreter.com\\\/ratgeber\\\/wp-content\\\/uploads\\\/terminsvertreter-logo.webp\",\"contentUrl\":\"https:\\\/\\\/www.terminsvertreter.com\\\/ratgeber\\\/wp-content\\\/uploads\\\/terminsvertreter-logo.webp\",\"width\":400,\"height\":64,\"caption\":\"Terminsvertreter-Blog\"},\"image\":{\"@id\":\"https:\\\/\\\/www.terminsvertreter.com\\\/ratgeber\\\/#\\\/schema\\\/logo\\\/image\\\/\"},\"sameAs\":[\"https:\\\/\\\/www.facebook.com\\\/people\\\/Terminsvertreter\\\/100079926887729\\\/\",\"https:\\\/\\\/x.com\\\/terminvertreter\"]},{\"@type\":\"Person\",\"@id\":\"https:\\\/\\\/www.terminsvertreter.com\\\/ratgeber\\\/#\\\/schema\\\/person\\\/2f5fb45af0c226c494243a02534434d6\",\"name\":\"Dr. Philipp Hammerich\",\"image\":{\"@type\":\"ImageObject\",\"inLanguage\":\"de\",\"@id\":\"https:\\\/\\\/www.terminsvertreter.com\\\/ratgeber\\\/wp-content\\\/uploads\\\/philipp-hammerich-ra-96x96.png\",\"url\":\"https:\\\/\\\/www.terminsvertreter.com\\\/ratgeber\\\/wp-content\\\/uploads\\\/philipp-hammerich-ra-96x96.png\",\"contentUrl\":\"https:\\\/\\\/www.terminsvertreter.com\\\/ratgeber\\\/wp-content\\\/uploads\\\/philipp-hammerich-ra-96x96.png\",\"caption\":\"Dr. Philipp Hammerich\"},\"description\":\"Dr. Philipp Hammerich beendete sein Jura-Studium in Hamburg und promovierte im Anschluss bei Prof. Dr. Hoffmann-Riem, der zu jener Zeit Richter am Bundesverfassungsgericht war. Das Referendariat absolvierte Dr. Philipp Hammerich am OLG Hamburg. Seit 2007 ist er in Deutschland als Rechtsanwalt zugelassen.\",\"sameAs\":[\"https:\\\/\\\/x.com\\\/gitte.hartung@legal.one\"],\"url\":\"https:\\\/\\\/www.terminsvertreter.com\\\/ratgeber\\\/author\\\/phammerich\\\/\"}]}<\/script>\n<!-- \/ Yoast SEO plugin. -->","yoast_head_json":{"title":"Unterbevollm\u00e4chtigter: Wann ist eine Terminsvertretung sinnvoll? - Terminsvertreter-Blog","robots":{"index":"index","follow":"follow","max-snippet":"max-snippet:-1","max-image-preview":"max-image-preview:large","max-video-preview":"max-video-preview:-1"},"canonical":"https:\/\/www.terminsvertreter.com\/ratgeber\/unterbevollmaechtigter\/","og_locale":"de_DE","og_type":"article","og_title":"Unterbevollm\u00e4chtigter: Wann ist eine Terminsvertretung sinnvoll? - Terminsvertreter-Blog","og_description":"Bestimmte Lebenssituationen sind nur schwer alleine zu meistern. Wer beispielsweise nach einem Unfall im Stra\u00dfenverkehr im Streit mit dem Unfallgegner liegt oder schon mal rechtliche Auseinandersetzungen mit seinem Vermieter hatte, der wei\u00df, als wie hilfreich sich professioneller juristischer Rat erweisen kann. Doch was ist eigentlich, wenn Sie als auserw\u00e4hlter Anwalt des Vertrauens nicht selbst zum anberaumten Gerichtstermin erscheinen k\u00f6nnen? Wie verh\u00e4lt es sich, wenn der Verhandlungsort f\u00fcr von Ihrem Kanzleisitz","og_url":"https:\/\/www.terminsvertreter.com\/ratgeber\/unterbevollmaechtigter\/","og_site_name":"Terminsvertreter-Blog","article_publisher":"https:\/\/www.facebook.com\/people\/Terminsvertreter\/100079926887729\/","article_modified_time":"2025-04-10T08:22:06+00:00","og_image":[{"width":800,"height":350,"url":"https:\/\/www.terminsvertreter.com\/ratgeber\/wp-content\/uploads\/unterbevollmaechtigter.jpg","type":"image\/jpeg"}],"twitter_card":"summary_large_image","twitter_site":"@terminvertreter","twitter_misc":{"Gesch\u00e4tzte Lesezeit":"2\u00a0Minuten"},"schema":{"@context":"https:\/\/schema.org","@graph":[{"@type":"Article","@id":"https:\/\/www.terminsvertreter.com\/ratgeber\/unterbevollmaechtigter\/#article","isPartOf":{"@id":"https:\/\/www.terminsvertreter.com\/ratgeber\/unterbevollmaechtigter\/"},"author":{"name":"Dr. Philipp Hammerich","@id":"https:\/\/www.terminsvertreter.com\/ratgeber\/#\/schema\/person\/2f5fb45af0c226c494243a02534434d6"},"headline":"Unterbevollm\u00e4chtigter: Wann ist eine Terminsvertretung sinnvoll?","datePublished":"2017-05-05T09:40:24+00:00","dateModified":"2025-04-10T08:22:06+00:00","mainEntityOfPage":{"@id":"https:\/\/www.terminsvertreter.com\/ratgeber\/unterbevollmaechtigter\/"},"wordCount":497,"commentCount":0,"publisher":{"@id":"https:\/\/www.terminsvertreter.com\/ratgeber\/#organization"},"image":{"@id":"https:\/\/www.terminsvertreter.com\/ratgeber\/unterbevollmaechtigter\/#primaryimage"},"thumbnailUrl":"https:\/\/www.terminsvertreter.com\/ratgeber\/wp-content\/uploads\/unterbevollmaechtigter.jpg","inLanguage":"de","potentialAction":[{"@type":"CommentAction","name":"Comment","target":["https:\/\/www.terminsvertreter.com\/ratgeber\/unterbevollmaechtigter\/#respond"]}]},{"@type":"WebPage","@id":"https:\/\/www.terminsvertreter.com\/ratgeber\/unterbevollmaechtigter\/","url":"https:\/\/www.terminsvertreter.com\/ratgeber\/unterbevollmaechtigter\/","name":"Unterbevollm\u00e4chtigter: Wann ist eine Terminsvertretung sinnvoll? - Terminsvertreter-Blog","isPartOf":{"@id":"https:\/\/www.terminsvertreter.com\/ratgeber\/#website"},"primaryImageOfPage":{"@id":"https:\/\/www.terminsvertreter.com\/ratgeber\/unterbevollmaechtigter\/#primaryimage"},"image":{"@id":"https:\/\/www.terminsvertreter.com\/ratgeber\/unterbevollmaechtigter\/#primaryimage"},"thumbnailUrl":"https:\/\/www.terminsvertreter.com\/ratgeber\/wp-content\/uploads\/unterbevollmaechtigter.jpg","datePublished":"2017-05-05T09:40:24+00:00","dateModified":"2025-04-10T08:22:06+00:00","breadcrumb":{"@id":"https:\/\/www.terminsvertreter.com\/ratgeber\/unterbevollmaechtigter\/#breadcrumb"},"inLanguage":"de","potentialAction":[{"@type":"ReadAction","target":["https:\/\/www.terminsvertreter.com\/ratgeber\/unterbevollmaechtigter\/"]}]},{"@type":"ImageObject","inLanguage":"de","@id":"https:\/\/www.terminsvertreter.com\/ratgeber\/unterbevollmaechtigter\/#primaryimage","url":"https:\/\/www.terminsvertreter.com\/ratgeber\/wp-content\/uploads\/unterbevollmaechtigter.jpg","contentUrl":"https:\/\/www.terminsvertreter.com\/ratgeber\/wp-content\/uploads\/unterbevollmaechtigter.jpg","width":800,"height":350,"caption":"Unterbevollm\u00e4chtigter: Wie k\u00f6nnen Sie ihn bestellen?"},{"@type":"BreadcrumbList","@id":"https:\/\/www.terminsvertreter.com\/ratgeber\/unterbevollmaechtigter\/#breadcrumb","itemListElement":[{"@type":"ListItem","position":1,"name":"Home","item":"https:\/\/www.terminsvertreter.com\/ratgeber\/"},{"@type":"ListItem","position":2,"name":"Unterbevollm\u00e4chtigter: Wann ist eine Terminsvertretung sinnvoll?"}]},{"@type":"WebSite","@id":"https:\/\/www.terminsvertreter.com\/ratgeber\/#website","url":"https:\/\/www.terminsvertreter.com\/ratgeber\/","name":"Terminsvertreter-Blog","description":"News und Ratgeber","publisher":{"@id":"https:\/\/www.terminsvertreter.com\/ratgeber\/#organization"},"potentialAction":[{"@type":"SearchAction","target":{"@type":"EntryPoint","urlTemplate":"https:\/\/www.terminsvertreter.com\/ratgeber\/?s={search_term_string}"},"query-input":{"@type":"PropertyValueSpecification","valueRequired":true,"valueName":"search_term_string"}}],"inLanguage":"de"},{"@type":"Organization","@id":"https:\/\/www.terminsvertreter.com\/ratgeber\/#organization","name":"Terminsvertreter-Blog","url":"https:\/\/www.terminsvertreter.com\/ratgeber\/","logo":{"@type":"ImageObject","inLanguage":"de","@id":"https:\/\/www.terminsvertreter.com\/ratgeber\/#\/schema\/logo\/image\/","url":"https:\/\/www.terminsvertreter.com\/ratgeber\/wp-content\/uploads\/terminsvertreter-logo.webp","contentUrl":"https:\/\/www.terminsvertreter.com\/ratgeber\/wp-content\/uploads\/terminsvertreter-logo.webp","width":400,"height":64,"caption":"Terminsvertreter-Blog"},"image":{"@id":"https:\/\/www.terminsvertreter.com\/ratgeber\/#\/schema\/logo\/image\/"},"sameAs":["https:\/\/www.facebook.com\/people\/Terminsvertreter\/100079926887729\/","https:\/\/x.com\/terminvertreter"]},{"@type":"Person","@id":"https:\/\/www.terminsvertreter.com\/ratgeber\/#\/schema\/person\/2f5fb45af0c226c494243a02534434d6","name":"Dr. Philipp Hammerich","image":{"@type":"ImageObject","inLanguage":"de","@id":"https:\/\/www.terminsvertreter.com\/ratgeber\/wp-content\/uploads\/philipp-hammerich-ra-96x96.png","url":"https:\/\/www.terminsvertreter.com\/ratgeber\/wp-content\/uploads\/philipp-hammerich-ra-96x96.png","contentUrl":"https:\/\/www.terminsvertreter.com\/ratgeber\/wp-content\/uploads\/philipp-hammerich-ra-96x96.png","caption":"Dr. Philipp Hammerich"},"description":"Dr. Philipp Hammerich beendete sein Jura-Studium in Hamburg und promovierte im Anschluss bei Prof. Dr. Hoffmann-Riem, der zu jener Zeit Richter am Bundesverfassungsgericht war. Das Referendariat absolvierte Dr. Philipp Hammerich am OLG Hamburg. Seit 2007 ist er in Deutschland als Rechtsanwalt zugelassen.","sameAs":["https:\/\/x.com\/gitte.hartung@legal.one"],"url":"https:\/\/www.terminsvertreter.com\/ratgeber\/author\/phammerich\/"}]}},"_links":{"self":[{"href":"https:\/\/www.terminsvertreter.com\/ratgeber\/wp-json\/wp\/v2\/pages\/131","targetHints":{"allow":["GET"]}}],"collection":[{"href":"https:\/\/www.terminsvertreter.com\/ratgeber\/wp-json\/wp\/v2\/pages"}],"about":[{"href":"https:\/\/www.terminsvertreter.com\/ratgeber\/wp-json\/wp\/v2\/types\/page"}],"author":[{"embeddable":true,"href":"https:\/\/www.terminsvertreter.com\/ratgeber\/wp-json\/wp\/v2\/users\/23"}],"replies":[{"embeddable":true,"href":"https:\/\/www.terminsvertreter.com\/ratgeber\/wp-json\/wp\/v2\/comments?post=131"}],"version-history":[{"count":23,"href":"https:\/\/www.terminsvertreter.com\/ratgeber\/wp-json\/wp\/v2\/pages\/131\/revisions"}],"predecessor-version":[{"id":1073,"href":"https:\/\/www.terminsvertreter.com\/ratgeber\/wp-json\/wp\/v2\/pages\/131\/revisions\/1073"}],"wp:featuredmedia":[{"embeddable":true,"href":"https:\/\/www.terminsvertreter.com\/ratgeber\/wp-json\/wp\/v2\/media\/143"}],"wp:attachment":[{"href":"https:\/\/www.terminsvertreter.com\/ratgeber\/wp-json\/wp\/v2\/media?parent=131"}],"curies":[{"name":"wp","href":"https:\/\/api.w.org\/{rel}","templated":true}]}}