{"id":170,"date":"2017-06-08T13:29:08","date_gmt":"2017-06-08T11:29:08","guid":{"rendered":"https:\/\/www.terminsvertreter.com\/ratgeber\/?page_id=170"},"modified":"2025-04-10T10:22:05","modified_gmt":"2025-04-10T08:22:05","slug":"gebuehrenteilung","status":"publish","type":"page","link":"https:\/\/www.terminsvertreter.com\/ratgeber\/gebuehrenteilung\/","title":{"rendered":"Terminsvertreter: Was bedeutet Geb\u00fchrenteilung?"},"content":{"rendered":"<p>Nicht immer ist es f\u00fcr Rechtsanw\u00e4lte leicht, einen <strong>ausw\u00e4rtigen Termin<\/strong> f\u00fcr den Mandanten wahrzunehmen. Liegt der Gerichtsstand beispielsweise <strong>einige Kilometer vom Kanzleisitz entfernt<\/strong>, kann es durchaus schwierig werden, eine <strong>entsprechende Anreise zu planen<\/strong> bzw. anzutreten. Immerhin m\u00fcssen Sie als Anwalt dann die Zeit an einer anderen Stelle einb\u00fc\u00dfen.<\/p>\n<p>Eine L\u00f6sung f\u00fcr das Dilemma bietet der sogenannte Terminsvertreter, ein Rechtsanwalt, der Sie in Untervollmacht bei einem <strong>ausw\u00e4rtigen Termin vertritt<\/strong>. Im Folgenden widmen wir uns dem <strong>Thema Geb\u00fchren<\/strong>, genauer gesagt der M\u00f6glichkeit, sich mit dem Terminsvertreter auf eine <strong>Geb\u00fchrenteilung zu einigen<\/strong>. Geht das und wenn ja unter welchen Bedingungen?<br \/>\n<figure id=\"attachment_173\" aria-describedby=\"caption-attachment-173\" style=\"width: 800px\" class=\"wp-caption aligncenter\"><img decoding=\"async\" src=\"https:\/\/www.terminsvertreter.com\/ratgeber\/wp-content\/uploads\/terminsvertreter-gebuehrenteilung.jpg\" alt=\"Kann mit dem Terminsvertreter Geb\u00fchrenteilung vereinbart werden?\" width=\"800\" height=\"350\" class=\"size-full wp-image-173\" srcset=\"https:\/\/www.terminsvertreter.com\/ratgeber\/wp-content\/uploads\/terminsvertreter-gebuehrenteilung.jpg 800w, https:\/\/www.terminsvertreter.com\/ratgeber\/wp-content\/uploads\/terminsvertreter-gebuehrenteilung-300x131.jpg 300w, https:\/\/www.terminsvertreter.com\/ratgeber\/wp-content\/uploads\/terminsvertreter-gebuehrenteilung-768x336.jpg 768w\" sizes=\"(max-width: 800px) 100vw, 800px\" \/><figcaption id=\"caption-attachment-173\" class=\"wp-caption-text\">Kann mit dem Terminsvertreter Geb\u00fchrenteilung vereinbart werden?<\/figcaption><\/figure><\/p>\n<div id=\"ez-toc-container\" class=\"ez-toc-v2_0_82_2 counter-hierarchy ez-toc-counter ez-toc-custom ez-toc-container-direction\">\n<div class=\"ez-toc-title-container\"><p class=\"ez-toc-title\" style=\"cursor:inherit\">Inhaltsverzeichnis<\/p>\n<\/div><nav><ul class='ez-toc-list ez-toc-list-level-1 ' ><li class='ez-toc-page-1 ez-toc-heading-level-2'><a class=\"ez-toc-link ez-toc-heading-1\" href=\"https:\/\/www.terminsvertreter.com\/ratgeber\/gebuehrenteilung\/#Was_bedeutet_Gebuehrenteilung_bei_Untervollmacht\" >Was bedeutet Geb\u00fchrenteilung bei Untervollmacht?<\/a><\/li><li class='ez-toc-page-1 ez-toc-heading-level-2'><a class=\"ez-toc-link ez-toc-heading-2\" href=\"https:\/\/www.terminsvertreter.com\/ratgeber\/gebuehrenteilung\/#Ist_die_Gebuehrenteilung_erlaubt\" >Ist die Geb\u00fchrenteilung erlaubt?<\/a><\/li><\/ul><\/nav><\/div>\n<h2><span class=\"ez-toc-section\" id=\"Was_bedeutet_Gebuehrenteilung_bei_Untervollmacht\"><\/span>Was bedeutet Geb\u00fchrenteilung bei Untervollmacht?<span class=\"ez-toc-section-end\"><\/span><\/h2>\n<p>Freilich stehen auch Ihrem <a href=\"https:\/\/www.terminsvertreter.com\/ratgeber\/terminsvertreter-gebuehren\/\">Terminsvertreter Geb\u00fchren<\/a> nach dem <strong>Rechtsanwaltsverg\u00fctungsgesetz (RVG)<\/strong> zu. Zum einen erh\u00e4lt er f\u00fcr eine Terminswahrnehmung gem\u00e4\u00df Nr. 3401 VV RVG <strong>eine Verfahrensgeb\u00fchr<\/strong>, welche sich der H\u00f6he nach <strong>auf die H\u00e4lfte<\/strong> der Ihnen als Bevollm\u00e4chtigten zustehenden <strong>1,3-Verfahrensgeb\u00fchr<\/strong> bel\u00e4uft. Daneben steht dem Unterbevollm\u00e4chtigten stets auch <strong>eine Terminsgeb\u00fchr gem\u00e4\u00df Nr. 3402 VV RVG zu<\/strong>. Diese hingegen besteht in voller H\u00f6he.<\/p>\n<div class=\"tipp\">Besagte Geb\u00fchrenregelung ist indes nicht bindend. Viele Anw\u00e4lte verst\u00e4ndigen sich deshalb mit Ihrem Terminsvertreter auf eine <strong>Geb\u00fchrenteilung<\/strong>. <strong>Terminsvertreter<\/strong> und Hauptbevollm\u00e4chtigter teilen sich dabei alle entstehenden Geb\u00fchren durch zwei.<\/div>\n<h2><span class=\"ez-toc-section\" id=\"Ist_die_Gebuehrenteilung_erlaubt\"><\/span>Ist die Geb\u00fchrenteilung erlaubt?<span class=\"ez-toc-section-end\"><\/span><\/h2>\n<p><figure id=\"attachment_177\" aria-describedby=\"caption-attachment-177\" style=\"width: 300px\" class=\"wp-caption alignright\"><img decoding=\"async\" src=\"https:\/\/www.terminsvertreter.com\/ratgeber\/wp-content\/uploads\/terminsvertreter-gebuehrenteilung-rechtmaessig.jpg\" alt=\"Terminsvertreter: Ist eine Geb\u00fchrenteilung rechtm\u00e4\u00dfig?\" width=\"300\" height=\"200\" class=\"size-full wp-image-177\" \/><figcaption id=\"caption-attachment-177\" class=\"wp-caption-text\">Terminsvertreter: Ist eine Geb\u00fchrenteilung rechtm\u00e4\u00dfig?<\/figcaption><\/figure>Es stellt sich die Frage, ob eine Geb\u00fchrenteilung \u00fcberhaupt <strong>rechtm\u00e4\u00dfig<\/strong> ist. Immerhin gilt f\u00fcr Anw\u00e4lte der Grundsatz, Geb\u00fchren nicht <strong>unter der Mindestgrenze des RVG<\/strong> anzusetzen. Grund f\u00fcr diese Regelung ist es, <strong>einen ruin\u00f6sen Preiswettbewerb um Mandate<\/strong> zu verhindern. Sofern mit einem Terminsvertreter <strong>Geb\u00fchrenteilung vereinbart wird<\/strong>, bekommt dieser allerdings Geb\u00fchren <strong>unterhalb der festgesetzten Werte des RVG<\/strong>.<\/p>\n<p>Ob die Einigung mit dem Terminsvertreter auf Geb\u00fchrenteilung rechtm\u00e4\u00dfig ist, h\u00e4ngt laut einer Entscheidung des Bundesgerichtshofs (BGH, Urteil vom 1. Juni 2006, Az.: I ZR 268\/03) davon ab, <strong>mit wem diese erfolgt ist<\/strong>. Wurde die Geb\u00fchrenteilung<strong> zwischen Mandant und Terminsvertreter<\/strong> vereinbart, <strong>so ist sie rechtswidrig<\/strong> aufgrund des zuvor beschriebenen Grundsatzes.<\/p>\n<div class=\"infobox\">Erfolgte die Einigung indes <strong>zwischen Hauptbevollm\u00e4chtigtem und Terminsvertreter<\/strong>, ist die Geb\u00fchrenteilung <strong>rechtm\u00e4\u00dfig<\/strong>. In diesem Fall entstehen dem Terminsvertreter n\u00e4mlich <strong>keine Geb\u00fchren nach dem RVG<\/strong>. Der <strong>Anwendungsbereich des Gesetzes<\/strong> beschr\u00e4nkt sich auf das Verh\u00e4ltnis zwischen Mandant und Anwalt. <\/div>\n<p>Der <a href=\"https:\/\/www.terminsvertreter.com\/ratgeber\/unterbevollmaechtigter\/\">Unterbevollm\u00e4chtigte<\/a> ist hier indes <strong>Erf\u00fcllungsgehilfe des Hauptbevollm\u00e4chtigten<\/strong>. Er verdient die Terminsgeb\u00fchr also f\u00fcr diesen. <strong>Eine Verg\u00fctung<\/strong> muss sodann <strong>zwischen Haupt- und Unterbevollm\u00e4chtigten<\/strong> vereinbart werden und kann somit auch unterhalb der Grenzen des RVG liegen.<\/p>\n<p><em>Bildnachweise: istockphoto.com\/kzenon, istockphoto.com\/Sokolov<\/em><\/p>\n<div class=\"l1-authorbox\"><h3 class=\"l1-authorbox-intro\">\u00dcber den Autor<\/h3><div class=\"l1-authorbox-inner\"><div class=\"l1-authorbox-avatar\"><img alt='Dr. Philipp Hammerich' src='https:\/\/www.terminsvertreter.com\/ratgeber\/wp-content\/uploads\/philipp-hammerich-ra-150x150.png' srcset='https:\/\/www.terminsvertreter.com\/ratgeber\/wp-content\/uploads\/philipp-hammerich-ra-300x300.png 2x' class='avatar avatar-150 photo' height='150' width='150' \/><\/div><div class=\"l1-authorbox-personal-info\"><a href=\"https:\/\/www.terminsvertreter.com\/ratgeber\/author\/phammerich\/\" class=\"l1-authorbox-name\">Dr. Philipp Hammerich<\/a><p class=\"l1-authorbox-description\">Dr. Philipp Hammerich beendete sein Jura-Studium in Hamburg und promovierte im Anschluss bei Prof. Dr. Hoffmann-Riem, der zu jener Zeit Richter am Bundesverfassungsgericht war. Das Referendariat absolvierte Dr. Philipp Hammerich am OLG Hamburg. Seit 2007 ist er in Deutschland als Rechtsanwalt zugelassen.<\/p><\/div><\/div><\/div>","protected":false},"excerpt":{"rendered":"<p>Nicht immer ist es f\u00fcr Rechtsanw\u00e4lte leicht, einen ausw\u00e4rtigen Termin f\u00fcr den Mandanten wahrzunehmen. Liegt der Gerichtsstand beispielsweise einige Kilometer vom Kanzleisitz entfernt, kann es durchaus schwierig werden, eine entsprechende Anreise zu planen bzw. anzutreten. Immerhin m\u00fcssen Sie als Anwalt dann die Zeit an einer anderen Stelle einb\u00fc\u00dfen. Eine L\u00f6sung f\u00fcr das Dilemma bietet der sogenannte Terminsvertreter, ein Rechtsanwalt, der Sie in Untervollmacht bei einem ausw\u00e4rtigen Termin vertritt. Im Folgenden<\/p>\n<a href=\"https:\/\/www.terminsvertreter.com\/ratgeber\/gebuehrenteilung\/\"> <div class=\"readmorelink\"><div class=\"rmtext\">[ Weiterlesen... ]<\/div><\/div><\/a>","protected":false},"author":23,"featured_media":173,"parent":0,"menu_order":0,"comment_status":"open","ping_status":"closed","template":"","meta":{"_acf_changed":false,"_relevanssi_hide_post":"","_relevanssi_hide_content":"","_relevanssi_pin_for_all":"","_relevanssi_pin_keywords":"","_relevanssi_unpin_keywords":"","_relevanssi_related_keywords":"","_relevanssi_related_include_ids":"","_relevanssi_related_exclude_ids":"","_relevanssi_related_no_append":"","_relevanssi_related_not_related":"","_relevanssi_related_posts":"","_relevanssi_noindex_reason":"","_genesis_hide_title":false,"_genesis_hide_breadcrumbs":false,"_genesis_hide_singular_image":false,"_genesis_hide_footer_widgets":false,"_genesis_custom_body_class":"","_genesis_custom_post_class":"","_genesis_layout":"","footnotes":""},"class_list":{"0":"post-170","1":"page","2":"type-page","3":"status-publish","4":"has-post-thumbnail","6":"entry"},"acf":[],"yoast_head":"<!-- This site is optimized with the Yoast SEO plugin v27.5 - https:\/\/yoast.com\/product\/yoast-seo-wordpress\/ -->\n<title>Terminsvertreter: Was bedeutet Geb\u00fchrenteilung? - Terminsvertreter-Blog<\/title>\n<meta name=\"robots\" content=\"index, follow, max-snippet:-1, max-image-preview:large, max-video-preview:-1\" \/>\n<link rel=\"canonical\" href=\"https:\/\/www.terminsvertreter.com\/ratgeber\/gebuehrenteilung\/\" \/>\n<meta property=\"og:locale\" content=\"de_DE\" \/>\n<meta property=\"og:type\" content=\"article\" \/>\n<meta property=\"og:title\" content=\"Terminsvertreter: Was bedeutet Geb\u00fchrenteilung? - Terminsvertreter-Blog\" \/>\n<meta property=\"og:description\" content=\"Nicht immer ist es f\u00fcr Rechtsanw\u00e4lte leicht, einen ausw\u00e4rtigen Termin f\u00fcr den Mandanten wahrzunehmen. Liegt der Gerichtsstand beispielsweise einige Kilometer vom Kanzleisitz entfernt, kann es durchaus schwierig werden, eine entsprechende Anreise zu planen bzw. anzutreten. Immerhin m\u00fcssen Sie als Anwalt dann die Zeit an einer anderen Stelle einb\u00fc\u00dfen. Eine L\u00f6sung f\u00fcr das Dilemma bietet der sogenannte Terminsvertreter, ein Rechtsanwalt, der Sie in Untervollmacht bei einem ausw\u00e4rtigen Termin vertritt. Im Folgenden\" \/>\n<meta property=\"og:url\" content=\"https:\/\/www.terminsvertreter.com\/ratgeber\/gebuehrenteilung\/\" \/>\n<meta property=\"og:site_name\" content=\"Terminsvertreter-Blog\" \/>\n<meta property=\"article:publisher\" content=\"https:\/\/www.facebook.com\/people\/Terminsvertreter\/100079926887729\/\" \/>\n<meta property=\"article:modified_time\" content=\"2025-04-10T08:22:05+00:00\" \/>\n<meta property=\"og:image\" content=\"https:\/\/www.terminsvertreter.com\/ratgeber\/wp-content\/uploads\/terminsvertreter-gebuehrenteilung.jpg\" \/>\n\t<meta property=\"og:image:width\" content=\"800\" \/>\n\t<meta property=\"og:image:height\" content=\"350\" \/>\n\t<meta property=\"og:image:type\" content=\"image\/jpeg\" \/>\n<meta name=\"twitter:card\" content=\"summary_large_image\" \/>\n<meta name=\"twitter:site\" content=\"@terminvertreter\" \/>\n<meta name=\"twitter:label1\" content=\"Gesch\u00e4tzte Lesezeit\" \/>\n\t<meta name=\"twitter:data1\" content=\"2\u00a0Minuten\" \/>\n<script type=\"application\/ld+json\" class=\"yoast-schema-graph\">{\"@context\":\"https:\\\/\\\/schema.org\",\"@graph\":[{\"@type\":\"Article\",\"@id\":\"https:\\\/\\\/www.terminsvertreter.com\\\/ratgeber\\\/gebuehrenteilung\\\/#article\",\"isPartOf\":{\"@id\":\"https:\\\/\\\/www.terminsvertreter.com\\\/ratgeber\\\/gebuehrenteilung\\\/\"},\"author\":{\"name\":\"Dr. Philipp Hammerich\",\"@id\":\"https:\\\/\\\/www.terminsvertreter.com\\\/ratgeber\\\/#\\\/schema\\\/person\\\/2f5fb45af0c226c494243a02534434d6\"},\"headline\":\"Terminsvertreter: Was bedeutet Geb\u00fchrenteilung?\",\"datePublished\":\"2017-06-08T11:29:08+00:00\",\"dateModified\":\"2025-04-10T08:22:05+00:00\",\"mainEntityOfPage\":{\"@id\":\"https:\\\/\\\/www.terminsvertreter.com\\\/ratgeber\\\/gebuehrenteilung\\\/\"},\"wordCount\":467,\"commentCount\":0,\"publisher\":{\"@id\":\"https:\\\/\\\/www.terminsvertreter.com\\\/ratgeber\\\/#organization\"},\"image\":{\"@id\":\"https:\\\/\\\/www.terminsvertreter.com\\\/ratgeber\\\/gebuehrenteilung\\\/#primaryimage\"},\"thumbnailUrl\":\"https:\\\/\\\/www.terminsvertreter.com\\\/ratgeber\\\/wp-content\\\/uploads\\\/terminsvertreter-gebuehrenteilung.jpg\",\"inLanguage\":\"de\",\"potentialAction\":[{\"@type\":\"CommentAction\",\"name\":\"Comment\",\"target\":[\"https:\\\/\\\/www.terminsvertreter.com\\\/ratgeber\\\/gebuehrenteilung\\\/#respond\"]}]},{\"@type\":\"WebPage\",\"@id\":\"https:\\\/\\\/www.terminsvertreter.com\\\/ratgeber\\\/gebuehrenteilung\\\/\",\"url\":\"https:\\\/\\\/www.terminsvertreter.com\\\/ratgeber\\\/gebuehrenteilung\\\/\",\"name\":\"Terminsvertreter: Was bedeutet Geb\u00fchrenteilung? - Terminsvertreter-Blog\",\"isPartOf\":{\"@id\":\"https:\\\/\\\/www.terminsvertreter.com\\\/ratgeber\\\/#website\"},\"primaryImageOfPage\":{\"@id\":\"https:\\\/\\\/www.terminsvertreter.com\\\/ratgeber\\\/gebuehrenteilung\\\/#primaryimage\"},\"image\":{\"@id\":\"https:\\\/\\\/www.terminsvertreter.com\\\/ratgeber\\\/gebuehrenteilung\\\/#primaryimage\"},\"thumbnailUrl\":\"https:\\\/\\\/www.terminsvertreter.com\\\/ratgeber\\\/wp-content\\\/uploads\\\/terminsvertreter-gebuehrenteilung.jpg\",\"datePublished\":\"2017-06-08T11:29:08+00:00\",\"dateModified\":\"2025-04-10T08:22:05+00:00\",\"breadcrumb\":{\"@id\":\"https:\\\/\\\/www.terminsvertreter.com\\\/ratgeber\\\/gebuehrenteilung\\\/#breadcrumb\"},\"inLanguage\":\"de\",\"potentialAction\":[{\"@type\":\"ReadAction\",\"target\":[\"https:\\\/\\\/www.terminsvertreter.com\\\/ratgeber\\\/gebuehrenteilung\\\/\"]}]},{\"@type\":\"ImageObject\",\"inLanguage\":\"de\",\"@id\":\"https:\\\/\\\/www.terminsvertreter.com\\\/ratgeber\\\/gebuehrenteilung\\\/#primaryimage\",\"url\":\"https:\\\/\\\/www.terminsvertreter.com\\\/ratgeber\\\/wp-content\\\/uploads\\\/terminsvertreter-gebuehrenteilung.jpg\",\"contentUrl\":\"https:\\\/\\\/www.terminsvertreter.com\\\/ratgeber\\\/wp-content\\\/uploads\\\/terminsvertreter-gebuehrenteilung.jpg\",\"width\":800,\"height\":350,\"caption\":\"Kann mit dem Terminsvertreter Geb\u00fchrenteilung vereinbart werden?\"},{\"@type\":\"BreadcrumbList\",\"@id\":\"https:\\\/\\\/www.terminsvertreter.com\\\/ratgeber\\\/gebuehrenteilung\\\/#breadcrumb\",\"itemListElement\":[{\"@type\":\"ListItem\",\"position\":1,\"name\":\"Home\",\"item\":\"https:\\\/\\\/www.terminsvertreter.com\\\/ratgeber\\\/\"},{\"@type\":\"ListItem\",\"position\":2,\"name\":\"Terminsvertreter: Was bedeutet Geb\u00fchrenteilung?\"}]},{\"@type\":\"WebSite\",\"@id\":\"https:\\\/\\\/www.terminsvertreter.com\\\/ratgeber\\\/#website\",\"url\":\"https:\\\/\\\/www.terminsvertreter.com\\\/ratgeber\\\/\",\"name\":\"Terminsvertreter-Blog\",\"description\":\"News und Ratgeber\",\"publisher\":{\"@id\":\"https:\\\/\\\/www.terminsvertreter.com\\\/ratgeber\\\/#organization\"},\"potentialAction\":[{\"@type\":\"SearchAction\",\"target\":{\"@type\":\"EntryPoint\",\"urlTemplate\":\"https:\\\/\\\/www.terminsvertreter.com\\\/ratgeber\\\/?s={search_term_string}\"},\"query-input\":{\"@type\":\"PropertyValueSpecification\",\"valueRequired\":true,\"valueName\":\"search_term_string\"}}],\"inLanguage\":\"de\"},{\"@type\":\"Organization\",\"@id\":\"https:\\\/\\\/www.terminsvertreter.com\\\/ratgeber\\\/#organization\",\"name\":\"Terminsvertreter-Blog\",\"url\":\"https:\\\/\\\/www.terminsvertreter.com\\\/ratgeber\\\/\",\"logo\":{\"@type\":\"ImageObject\",\"inLanguage\":\"de\",\"@id\":\"https:\\\/\\\/www.terminsvertreter.com\\\/ratgeber\\\/#\\\/schema\\\/logo\\\/image\\\/\",\"url\":\"https:\\\/\\\/www.terminsvertreter.com\\\/ratgeber\\\/wp-content\\\/uploads\\\/terminsvertreter-logo.webp\",\"contentUrl\":\"https:\\\/\\\/www.terminsvertreter.com\\\/ratgeber\\\/wp-content\\\/uploads\\\/terminsvertreter-logo.webp\",\"width\":400,\"height\":64,\"caption\":\"Terminsvertreter-Blog\"},\"image\":{\"@id\":\"https:\\\/\\\/www.terminsvertreter.com\\\/ratgeber\\\/#\\\/schema\\\/logo\\\/image\\\/\"},\"sameAs\":[\"https:\\\/\\\/www.facebook.com\\\/people\\\/Terminsvertreter\\\/100079926887729\\\/\",\"https:\\\/\\\/x.com\\\/terminvertreter\"]},{\"@type\":\"Person\",\"@id\":\"https:\\\/\\\/www.terminsvertreter.com\\\/ratgeber\\\/#\\\/schema\\\/person\\\/2f5fb45af0c226c494243a02534434d6\",\"name\":\"Dr. Philipp Hammerich\",\"image\":{\"@type\":\"ImageObject\",\"inLanguage\":\"de\",\"@id\":\"https:\\\/\\\/www.terminsvertreter.com\\\/ratgeber\\\/wp-content\\\/uploads\\\/philipp-hammerich-ra-96x96.png\",\"url\":\"https:\\\/\\\/www.terminsvertreter.com\\\/ratgeber\\\/wp-content\\\/uploads\\\/philipp-hammerich-ra-96x96.png\",\"contentUrl\":\"https:\\\/\\\/www.terminsvertreter.com\\\/ratgeber\\\/wp-content\\\/uploads\\\/philipp-hammerich-ra-96x96.png\",\"caption\":\"Dr. Philipp Hammerich\"},\"description\":\"Dr. Philipp Hammerich beendete sein Jura-Studium in Hamburg und promovierte im Anschluss bei Prof. Dr. Hoffmann-Riem, der zu jener Zeit Richter am Bundesverfassungsgericht war. Das Referendariat absolvierte Dr. Philipp Hammerich am OLG Hamburg. Seit 2007 ist er in Deutschland als Rechtsanwalt zugelassen.\",\"sameAs\":[\"https:\\\/\\\/x.com\\\/gitte.hartung@legal.one\"],\"url\":\"https:\\\/\\\/www.terminsvertreter.com\\\/ratgeber\\\/author\\\/phammerich\\\/\"}]}<\/script>\n<!-- \/ Yoast SEO plugin. -->","yoast_head_json":{"title":"Terminsvertreter: Was bedeutet Geb\u00fchrenteilung? - Terminsvertreter-Blog","robots":{"index":"index","follow":"follow","max-snippet":"max-snippet:-1","max-image-preview":"max-image-preview:large","max-video-preview":"max-video-preview:-1"},"canonical":"https:\/\/www.terminsvertreter.com\/ratgeber\/gebuehrenteilung\/","og_locale":"de_DE","og_type":"article","og_title":"Terminsvertreter: Was bedeutet Geb\u00fchrenteilung? - Terminsvertreter-Blog","og_description":"Nicht immer ist es f\u00fcr Rechtsanw\u00e4lte leicht, einen ausw\u00e4rtigen Termin f\u00fcr den Mandanten wahrzunehmen. Liegt der Gerichtsstand beispielsweise einige Kilometer vom Kanzleisitz entfernt, kann es durchaus schwierig werden, eine entsprechende Anreise zu planen bzw. anzutreten. Immerhin m\u00fcssen Sie als Anwalt dann die Zeit an einer anderen Stelle einb\u00fc\u00dfen. Eine L\u00f6sung f\u00fcr das Dilemma bietet der sogenannte Terminsvertreter, ein Rechtsanwalt, der Sie in Untervollmacht bei einem ausw\u00e4rtigen Termin vertritt. Im Folgenden","og_url":"https:\/\/www.terminsvertreter.com\/ratgeber\/gebuehrenteilung\/","og_site_name":"Terminsvertreter-Blog","article_publisher":"https:\/\/www.facebook.com\/people\/Terminsvertreter\/100079926887729\/","article_modified_time":"2025-04-10T08:22:05+00:00","og_image":[{"width":800,"height":350,"url":"https:\/\/www.terminsvertreter.com\/ratgeber\/wp-content\/uploads\/terminsvertreter-gebuehrenteilung.jpg","type":"image\/jpeg"}],"twitter_card":"summary_large_image","twitter_site":"@terminvertreter","twitter_misc":{"Gesch\u00e4tzte Lesezeit":"2\u00a0Minuten"},"schema":{"@context":"https:\/\/schema.org","@graph":[{"@type":"Article","@id":"https:\/\/www.terminsvertreter.com\/ratgeber\/gebuehrenteilung\/#article","isPartOf":{"@id":"https:\/\/www.terminsvertreter.com\/ratgeber\/gebuehrenteilung\/"},"author":{"name":"Dr. Philipp Hammerich","@id":"https:\/\/www.terminsvertreter.com\/ratgeber\/#\/schema\/person\/2f5fb45af0c226c494243a02534434d6"},"headline":"Terminsvertreter: Was bedeutet Geb\u00fchrenteilung?","datePublished":"2017-06-08T11:29:08+00:00","dateModified":"2025-04-10T08:22:05+00:00","mainEntityOfPage":{"@id":"https:\/\/www.terminsvertreter.com\/ratgeber\/gebuehrenteilung\/"},"wordCount":467,"commentCount":0,"publisher":{"@id":"https:\/\/www.terminsvertreter.com\/ratgeber\/#organization"},"image":{"@id":"https:\/\/www.terminsvertreter.com\/ratgeber\/gebuehrenteilung\/#primaryimage"},"thumbnailUrl":"https:\/\/www.terminsvertreter.com\/ratgeber\/wp-content\/uploads\/terminsvertreter-gebuehrenteilung.jpg","inLanguage":"de","potentialAction":[{"@type":"CommentAction","name":"Comment","target":["https:\/\/www.terminsvertreter.com\/ratgeber\/gebuehrenteilung\/#respond"]}]},{"@type":"WebPage","@id":"https:\/\/www.terminsvertreter.com\/ratgeber\/gebuehrenteilung\/","url":"https:\/\/www.terminsvertreter.com\/ratgeber\/gebuehrenteilung\/","name":"Terminsvertreter: Was bedeutet Geb\u00fchrenteilung? - Terminsvertreter-Blog","isPartOf":{"@id":"https:\/\/www.terminsvertreter.com\/ratgeber\/#website"},"primaryImageOfPage":{"@id":"https:\/\/www.terminsvertreter.com\/ratgeber\/gebuehrenteilung\/#primaryimage"},"image":{"@id":"https:\/\/www.terminsvertreter.com\/ratgeber\/gebuehrenteilung\/#primaryimage"},"thumbnailUrl":"https:\/\/www.terminsvertreter.com\/ratgeber\/wp-content\/uploads\/terminsvertreter-gebuehrenteilung.jpg","datePublished":"2017-06-08T11:29:08+00:00","dateModified":"2025-04-10T08:22:05+00:00","breadcrumb":{"@id":"https:\/\/www.terminsvertreter.com\/ratgeber\/gebuehrenteilung\/#breadcrumb"},"inLanguage":"de","potentialAction":[{"@type":"ReadAction","target":["https:\/\/www.terminsvertreter.com\/ratgeber\/gebuehrenteilung\/"]}]},{"@type":"ImageObject","inLanguage":"de","@id":"https:\/\/www.terminsvertreter.com\/ratgeber\/gebuehrenteilung\/#primaryimage","url":"https:\/\/www.terminsvertreter.com\/ratgeber\/wp-content\/uploads\/terminsvertreter-gebuehrenteilung.jpg","contentUrl":"https:\/\/www.terminsvertreter.com\/ratgeber\/wp-content\/uploads\/terminsvertreter-gebuehrenteilung.jpg","width":800,"height":350,"caption":"Kann mit dem Terminsvertreter Geb\u00fchrenteilung vereinbart werden?"},{"@type":"BreadcrumbList","@id":"https:\/\/www.terminsvertreter.com\/ratgeber\/gebuehrenteilung\/#breadcrumb","itemListElement":[{"@type":"ListItem","position":1,"name":"Home","item":"https:\/\/www.terminsvertreter.com\/ratgeber\/"},{"@type":"ListItem","position":2,"name":"Terminsvertreter: Was bedeutet Geb\u00fchrenteilung?"}]},{"@type":"WebSite","@id":"https:\/\/www.terminsvertreter.com\/ratgeber\/#website","url":"https:\/\/www.terminsvertreter.com\/ratgeber\/","name":"Terminsvertreter-Blog","description":"News und Ratgeber","publisher":{"@id":"https:\/\/www.terminsvertreter.com\/ratgeber\/#organization"},"potentialAction":[{"@type":"SearchAction","target":{"@type":"EntryPoint","urlTemplate":"https:\/\/www.terminsvertreter.com\/ratgeber\/?s={search_term_string}"},"query-input":{"@type":"PropertyValueSpecification","valueRequired":true,"valueName":"search_term_string"}}],"inLanguage":"de"},{"@type":"Organization","@id":"https:\/\/www.terminsvertreter.com\/ratgeber\/#organization","name":"Terminsvertreter-Blog","url":"https:\/\/www.terminsvertreter.com\/ratgeber\/","logo":{"@type":"ImageObject","inLanguage":"de","@id":"https:\/\/www.terminsvertreter.com\/ratgeber\/#\/schema\/logo\/image\/","url":"https:\/\/www.terminsvertreter.com\/ratgeber\/wp-content\/uploads\/terminsvertreter-logo.webp","contentUrl":"https:\/\/www.terminsvertreter.com\/ratgeber\/wp-content\/uploads\/terminsvertreter-logo.webp","width":400,"height":64,"caption":"Terminsvertreter-Blog"},"image":{"@id":"https:\/\/www.terminsvertreter.com\/ratgeber\/#\/schema\/logo\/image\/"},"sameAs":["https:\/\/www.facebook.com\/people\/Terminsvertreter\/100079926887729\/","https:\/\/x.com\/terminvertreter"]},{"@type":"Person","@id":"https:\/\/www.terminsvertreter.com\/ratgeber\/#\/schema\/person\/2f5fb45af0c226c494243a02534434d6","name":"Dr. Philipp Hammerich","image":{"@type":"ImageObject","inLanguage":"de","@id":"https:\/\/www.terminsvertreter.com\/ratgeber\/wp-content\/uploads\/philipp-hammerich-ra-96x96.png","url":"https:\/\/www.terminsvertreter.com\/ratgeber\/wp-content\/uploads\/philipp-hammerich-ra-96x96.png","contentUrl":"https:\/\/www.terminsvertreter.com\/ratgeber\/wp-content\/uploads\/philipp-hammerich-ra-96x96.png","caption":"Dr. Philipp Hammerich"},"description":"Dr. Philipp Hammerich beendete sein Jura-Studium in Hamburg und promovierte im Anschluss bei Prof. Dr. Hoffmann-Riem, der zu jener Zeit Richter am Bundesverfassungsgericht war. Das Referendariat absolvierte Dr. Philipp Hammerich am OLG Hamburg. Seit 2007 ist er in Deutschland als Rechtsanwalt zugelassen.","sameAs":["https:\/\/x.com\/gitte.hartung@legal.one"],"url":"https:\/\/www.terminsvertreter.com\/ratgeber\/author\/phammerich\/"}]}},"_links":{"self":[{"href":"https:\/\/www.terminsvertreter.com\/ratgeber\/wp-json\/wp\/v2\/pages\/170","targetHints":{"allow":["GET"]}}],"collection":[{"href":"https:\/\/www.terminsvertreter.com\/ratgeber\/wp-json\/wp\/v2\/pages"}],"about":[{"href":"https:\/\/www.terminsvertreter.com\/ratgeber\/wp-json\/wp\/v2\/types\/page"}],"author":[{"embeddable":true,"href":"https:\/\/www.terminsvertreter.com\/ratgeber\/wp-json\/wp\/v2\/users\/23"}],"replies":[{"embeddable":true,"href":"https:\/\/www.terminsvertreter.com\/ratgeber\/wp-json\/wp\/v2\/comments?post=170"}],"version-history":[{"count":14,"href":"https:\/\/www.terminsvertreter.com\/ratgeber\/wp-json\/wp\/v2\/pages\/170\/revisions"}],"predecessor-version":[{"id":497,"href":"https:\/\/www.terminsvertreter.com\/ratgeber\/wp-json\/wp\/v2\/pages\/170\/revisions\/497"}],"wp:featuredmedia":[{"embeddable":true,"href":"https:\/\/www.terminsvertreter.com\/ratgeber\/wp-json\/wp\/v2\/media\/173"}],"wp:attachment":[{"href":"https:\/\/www.terminsvertreter.com\/ratgeber\/wp-json\/wp\/v2\/media?parent=170"}],"curies":[{"name":"wp","href":"https:\/\/api.w.org\/{rel}","templated":true}]}}