{"id":246,"date":"2017-08-04T09:59:31","date_gmt":"2017-08-04T07:59:31","guid":{"rendered":"https:\/\/www.terminsvertreter.com\/ratgeber\/?page_id=246"},"modified":"2025-04-10T10:22:05","modified_gmt":"2025-04-10T08:22:05","slug":"terminsgebuehr-bei-anerkenntnis","status":"publish","type":"page","link":"https:\/\/www.terminsvertreter.com\/ratgeber\/terminsgebuehr-bei-anerkenntnis\/","title":{"rendered":"F\u00e4llt die Terminsgeb\u00fchr gem\u00e4\u00df RVG bei einem Anerkenntnis an?"},"content":{"rendered":"<p>F\u00fcr Sie als Rechtsanwalt regelt das Verg\u00fctungsverzeichnis zum <strong>Gesetz \u00fcber die Verg\u00fctung der Rechtsanw\u00e4ltinnen und Rechtsanw\u00e4lte<\/strong> (kurz: VV RVG) eine bunte Vielfalt an denkbaren Geb\u00fchren. Die hier mitunter normierte <a href=\"https:\/\/www.terminsvertreter.com\/ratgeber\/terminsgebuehr\/\">Terminsgeb\u00fchr<\/a> entsteht dabei sowohl f\u00fcr die Wahrnehmung von gerichtlichen als auch f\u00fcr die von au\u00dfergerichtlichen Terminen und Besprechungen, nicht jedoch sofern der Gerichtstermin eine blo\u00dfe Entscheidungsverk\u00fcndung darstellt. Im Folgenden soll der Frage auf den Grund gegangen werden, ob die <strong>Terminsgeb\u00fchr auch bei einem Anerkenntnis<\/strong> anf\u00e4llt und ob es hiervon Ausnahmen gibt.<figure id=\"attachment_252\" aria-describedby=\"caption-attachment-252\" style=\"width: 800px\" class=\"wp-caption alignleft\"><img decoding=\"async\" src=\"https:\/\/www.terminsvertreter.com\/ratgeber\/wp-content\/uploads\/terminsgebuehr-bei-anerkenntnis.jpg\" alt=\"Entsteht die Terminsgeb\u00fchr bei einem Anerkenntnis?\" width=\"800\" height=\"350\" class=\"size-full wp-image-252\" srcset=\"https:\/\/www.terminsvertreter.com\/ratgeber\/wp-content\/uploads\/terminsgebuehr-bei-anerkenntnis.jpg 800w, https:\/\/www.terminsvertreter.com\/ratgeber\/wp-content\/uploads\/terminsgebuehr-bei-anerkenntnis-300x131.jpg 300w, https:\/\/www.terminsvertreter.com\/ratgeber\/wp-content\/uploads\/terminsgebuehr-bei-anerkenntnis-768x336.jpg 768w\" sizes=\"(max-width: 800px) 100vw, 800px\" \/><figcaption id=\"caption-attachment-252\" class=\"wp-caption-text\">Entsteht die Terminsgeb\u00fchr bei einem Anerkenntnis?<\/figcaption><\/figure><br \/>\n<div id=\"ez-toc-container\" class=\"ez-toc-v2_0_82_2 counter-hierarchy ez-toc-counter ez-toc-custom ez-toc-container-direction\">\n<div class=\"ez-toc-title-container\"><p class=\"ez-toc-title\" style=\"cursor:inherit\">Inhaltsverzeichnis<\/p>\n<\/div><nav><ul class='ez-toc-list ez-toc-list-level-1 ' ><li class='ez-toc-page-1 ez-toc-heading-level-2'><a class=\"ez-toc-link ez-toc-heading-1\" href=\"https:\/\/www.terminsvertreter.com\/ratgeber\/terminsgebuehr-bei-anerkenntnis\/#Terminsgebuehr_auch_bei_Anerkenntnis\" >Terminsgeb\u00fchr auch bei Anerkenntnis?<\/a><\/li><li class='ez-toc-page-1 ez-toc-heading-level-2'><a class=\"ez-toc-link ez-toc-heading-2\" href=\"https:\/\/www.terminsvertreter.com\/ratgeber\/terminsgebuehr-bei-anerkenntnis\/#Faellt_die_Gebuehr_laut_RVG_fuer_ein_Anerkenntnisurteil_im_Eilverfahren_an\" >F\u00e4llt die Geb\u00fchr laut RVG f\u00fcr ein Anerkenntnisurteil im Eilverfahren an?<\/a><ul class='ez-toc-list-level-3' ><li class='ez-toc-heading-level-3'><a class=\"ez-toc-link ez-toc-heading-3\" href=\"https:\/\/www.terminsvertreter.com\/ratgeber\/terminsgebuehr-bei-anerkenntnis\/#Beispiel_Anerkenntnisurteil_gemaess_RVG_anfallende_Gebuehr\" >Beispiel Anerkenntnisurteil: gem\u00e4\u00df RVG anfallende Geb\u00fchr<\/a><\/li><\/ul><\/li><\/ul><\/nav><\/div>\n<\/p>\n<h2><span class=\"ez-toc-section\" id=\"Terminsgebuehr_auch_bei_Anerkenntnis\"><\/span>Terminsgeb\u00fchr auch bei Anerkenntnis?<span class=\"ez-toc-section-end\"><\/span><\/h2>\n<p>Grunds\u00e4tzlich kann f\u00fcr einen Anwalt eine Terminsgeb\u00fchr in solchen Verfahren entstehen, f\u00fcr die eine <strong>m\u00fcndliche Verhandlung vorgeschrieben<\/strong> ist. Indes ist anerkannt, dass eine Terminsgeb\u00fchr bei einem Anerkenntnis nach \u00a7 307 ZPO, das <strong>innerhalb eines gew\u00f6hnlichen Hauptsacheverfahrens<\/strong> erkl\u00e4rt wird, selbst dann anf\u00e4llt, wenn tats\u00e4chlich gar kein Verhandlungstermin stattgefunden hat. Grund daf\u00fcr ist der Umstand, dass es ohne das erkl\u00e4rte <strong>Anerkenntnis zu einem gew\u00f6hnlichen Verhandlungstermin<\/strong> gekommen w\u00e4re. <\/p>\n<div class=\"infobox\">Somit f\u00e4llt die Termisgeb\u00fchr nicht nur bei einem Anerkenntnis, sondern beispielsweise auch bei einem <strong>Verfahren nach billigem Ermessen<\/strong> im Sinne des \u00a7 495 ZPO an.<\/div>\n<h2><span class=\"ez-toc-section\" id=\"Faellt_die_Gebuehr_laut_RVG_fuer_ein_Anerkenntnisurteil_im_Eilverfahren_an\"><\/span>F\u00e4llt die Geb\u00fchr laut RVG f\u00fcr ein Anerkenntnisurteil im Eilverfahren an?<span class=\"ez-toc-section-end\"><\/span><\/h2>\n<p>Entgegen dem zuvor Gesagten f\u00e4llt f\u00fcr einen Anwalt die Terminsgeb\u00fchr jedoch dann nicht an, wenn das <strong>Gesetz eine m\u00fcndliche Verhandlung nicht vorschreibt<\/strong>. Bei einstweiligen Verf\u00fcgungen k\u00f6nnen Entscheidung entsprechend der Vorschrift des \u00a7 937 ZPO auch ohne m\u00fcndliche Verhandlung ergehen. Bei einem derartigen Urteil liegt dies im billigen Ermessen des Gerichts. <\/p>\n<p>Sofern die Entscheidung in <strong>solchen Verfahren ohne m\u00fcndliche Verhandlung<\/strong> ergeht, f\u00e4llt die Terminsgeb\u00fchr selbst bei einem Anerkenntnis nicht an, so die Rechtsprechung (vgl. LG D\u00fcsseldorf, Kostenfestsetzungsbeschluss vom 16.02.2016, Az.: 37 O 110\/15 sowie OLG D\u00fcsseldorf, Beschluss vom 25.07.2016, Az.: I 20 W 39\/16). <\/p>\n<div class=\"infobox\">Anders als bei einem \u201egew\u00f6hnlichen\u201c Anerkenntnis verh\u00e4lt es sich <strong>im Rahmen eines einstweiligen Verf\u00fcgungsverfahrens<\/strong> aber gerade so, dass eine m\u00fcndliche Verhandlung gesetzlich nicht zwingend vorgeschrieben ist.<\/div>\n<h3><span class=\"ez-toc-section\" id=\"Beispiel_Anerkenntnisurteil_gemaess_RVG_anfallende_Gebuehr\"><\/span>Beispiel Anerkenntnisurteil: gem\u00e4\u00df RVG anfallende Geb\u00fchr<span class=\"ez-toc-section-end\"><\/span><\/h3>\n<p><figure id=\"attachment_251\" aria-describedby=\"caption-attachment-251\" style=\"width: 300px\" class=\"wp-caption alignleft\"><img decoding=\"async\" src=\"https:\/\/www.terminsvertreter.com\/ratgeber\/wp-content\/uploads\/eilverfahren-terminsgebuehr-bei-anerkenntnis.jpg\" alt=\"Eilverfahren: Ohne m\u00fcndliche Verhandlung f\u00e4llt die Terminsgeb\u00fchr bei einem Anerkenntnis nicht an.\" width=\"300\" height=\"200\" class=\"size-full wp-image-251\" \/><figcaption id=\"caption-attachment-251\" class=\"wp-caption-text\">Eilverfahren: Ohne m\u00fcndliche Verhandlung f\u00e4llt die Terminsgeb\u00fchr bei einem Anerkenntnis nicht an.<\/figcaption><\/figure>Das Anerkenntnisurteil nach \u00a7 307 Zivilprozessordnung (ZPO) im schriftlichen Verfahren ergeht aufgrund des <strong>kl\u00e4gerseits gestellten Klageantrages<\/strong> und des schrift&shy;lichen Anerkenntnisses des Beklagten. Ein Antrag auf Erlass eines Anerkenntnisurteils ist nicht erforder&shy;lich. <\/p>\n<p>Klagt beispielsweise ein<strong> Anwalt einen bestimmten Betrag<\/strong> ein und es ergeht aufgrund schriftlichen Anerkenntnisses des Vertreters auf Beklagtenseite ein Anerkenntnisurteil, fallen <strong>folgende Geb\u00fchren an<\/strong>.<\/p>\n<div class=\"tipp\">\n<ul>\n<li>1,3 <strong>Verfahrensgeb\u00fchr <\/strong>gem\u00e4\u00df Nr. 3100 VV RVG<\/li>\n<li>1,2 <strong>Terminsgeb\u00fchr <\/strong>gem\u00e4\u00df Nr. 3104 VV RVG<\/li>\n<li><strong>Auslagenpauschale <\/strong>nach Nr. 7002 VV RVG<\/li>\n<\/ul>\n<\/div>\n<p><em><strong>Bildnachweise<\/strong>: fotolia.com\/BillionPhotos.com, istockphotos.com\/AlexRaths<\/em><\/p>\n<div class=\"l1-authorbox\"><h3 class=\"l1-authorbox-intro\">\u00dcber den Autor<\/h3><div class=\"l1-authorbox-inner\"><div class=\"l1-authorbox-avatar\"><img alt='Dr. Philipp Hammerich' src='https:\/\/www.terminsvertreter.com\/ratgeber\/wp-content\/uploads\/philipp-hammerich-ra-150x150.png' srcset='https:\/\/www.terminsvertreter.com\/ratgeber\/wp-content\/uploads\/philipp-hammerich-ra-300x300.png 2x' class='avatar avatar-150 photo' height='150' width='150' \/><\/div><div class=\"l1-authorbox-personal-info\"><a href=\"https:\/\/www.terminsvertreter.com\/ratgeber\/author\/phammerich\/\" class=\"l1-authorbox-name\">Dr. Philipp Hammerich<\/a><p class=\"l1-authorbox-description\">Dr. Philipp Hammerich beendete sein Jura-Studium in Hamburg und promovierte im Anschluss bei Prof. Dr. Hoffmann-Riem, der zu jener Zeit Richter am Bundesverfassungsgericht war. Das Referendariat absolvierte Dr. Philipp Hammerich am OLG Hamburg. Seit 2007 ist er in Deutschland als Rechtsanwalt zugelassen.<\/p><\/div><\/div><\/div>","protected":false},"excerpt":{"rendered":"<p>F\u00fcr Sie als Rechtsanwalt regelt das Verg\u00fctungsverzeichnis zum Gesetz \u00fcber die Verg\u00fctung der Rechtsanw\u00e4ltinnen und Rechtsanw\u00e4lte (kurz: VV RVG) eine bunte Vielfalt an denkbaren Geb\u00fchren. Die hier mitunter normierte Terminsgeb\u00fchr entsteht dabei sowohl f\u00fcr die Wahrnehmung von gerichtlichen als auch f\u00fcr die von au\u00dfergerichtlichen Terminen und Besprechungen, nicht jedoch sofern der Gerichtstermin eine blo\u00dfe Entscheidungsverk\u00fcndung darstellt. Im Folgenden soll der Frage auf den Grund gegangen werden, ob die Terminsgeb\u00fchr auch<\/p>\n<a href=\"https:\/\/www.terminsvertreter.com\/ratgeber\/terminsgebuehr-bei-anerkenntnis\/\"> <div class=\"readmorelink\"><div class=\"rmtext\">[ Weiterlesen... ]<\/div><\/div><\/a>","protected":false},"author":23,"featured_media":252,"parent":0,"menu_order":0,"comment_status":"open","ping_status":"closed","template":"","meta":{"_acf_changed":false,"_relevanssi_hide_post":"","_relevanssi_hide_content":"","_relevanssi_pin_for_all":"","_relevanssi_pin_keywords":"","_relevanssi_unpin_keywords":"","_relevanssi_related_keywords":"","_relevanssi_related_include_ids":"","_relevanssi_related_exclude_ids":"","_relevanssi_related_no_append":"","_relevanssi_related_not_related":"","_relevanssi_related_posts":"","_relevanssi_noindex_reason":"","_genesis_hide_title":false,"_genesis_hide_breadcrumbs":false,"_genesis_hide_singular_image":false,"_genesis_hide_footer_widgets":false,"_genesis_custom_body_class":"","_genesis_custom_post_class":"","_genesis_layout":"","footnotes":""},"class_list":{"0":"post-246","1":"page","2":"type-page","3":"status-publish","4":"has-post-thumbnail","6":"entry"},"acf":[],"yoast_head":"<!-- This site is optimized with the Yoast SEO plugin v27.4 - https:\/\/yoast.com\/product\/yoast-seo-wordpress\/ -->\n<title>F\u00e4llt die Terminsgeb\u00fchr gem\u00e4\u00df RVG bei einem Anerkenntnis an? - Terminsvertreter-Blog<\/title>\n<meta name=\"robots\" content=\"index, follow, max-snippet:-1, max-image-preview:large, max-video-preview:-1\" \/>\n<link rel=\"canonical\" href=\"https:\/\/www.terminsvertreter.com\/ratgeber\/terminsgebuehr-bei-anerkenntnis\/\" \/>\n<meta property=\"og:locale\" content=\"de_DE\" \/>\n<meta property=\"og:type\" content=\"article\" \/>\n<meta property=\"og:title\" content=\"F\u00e4llt die Terminsgeb\u00fchr gem\u00e4\u00df RVG bei einem Anerkenntnis an? - Terminsvertreter-Blog\" \/>\n<meta property=\"og:description\" content=\"F\u00fcr Sie als Rechtsanwalt regelt das Verg\u00fctungsverzeichnis zum Gesetz \u00fcber die Verg\u00fctung der Rechtsanw\u00e4ltinnen und Rechtsanw\u00e4lte (kurz: VV RVG) eine bunte Vielfalt an denkbaren Geb\u00fchren. Die hier mitunter normierte Terminsgeb\u00fchr entsteht dabei sowohl f\u00fcr die Wahrnehmung von gerichtlichen als auch f\u00fcr die von au\u00dfergerichtlichen Terminen und Besprechungen, nicht jedoch sofern der Gerichtstermin eine blo\u00dfe Entscheidungsverk\u00fcndung darstellt. Im Folgenden soll der Frage auf den Grund gegangen werden, ob die Terminsgeb\u00fchr auch\" \/>\n<meta property=\"og:url\" content=\"https:\/\/www.terminsvertreter.com\/ratgeber\/terminsgebuehr-bei-anerkenntnis\/\" \/>\n<meta property=\"og:site_name\" content=\"Terminsvertreter-Blog\" \/>\n<meta property=\"article:publisher\" content=\"https:\/\/www.facebook.com\/people\/Terminsvertreter\/100079926887729\/\" \/>\n<meta property=\"article:modified_time\" content=\"2025-04-10T08:22:05+00:00\" \/>\n<meta property=\"og:image\" content=\"https:\/\/www.terminsvertreter.com\/ratgeber\/wp-content\/uploads\/terminsgebuehr-bei-anerkenntnis.jpg\" \/>\n\t<meta property=\"og:image:width\" content=\"800\" \/>\n\t<meta property=\"og:image:height\" content=\"350\" \/>\n\t<meta property=\"og:image:type\" content=\"image\/jpeg\" \/>\n<meta name=\"twitter:card\" content=\"summary_large_image\" \/>\n<meta name=\"twitter:site\" content=\"@terminvertreter\" \/>\n<meta name=\"twitter:label1\" content=\"Gesch\u00e4tzte Lesezeit\" \/>\n\t<meta name=\"twitter:data1\" content=\"2\u00a0Minuten\" \/>\n<script type=\"application\/ld+json\" class=\"yoast-schema-graph\">{\"@context\":\"https:\\\/\\\/schema.org\",\"@graph\":[{\"@type\":\"Article\",\"@id\":\"https:\\\/\\\/www.terminsvertreter.com\\\/ratgeber\\\/terminsgebuehr-bei-anerkenntnis\\\/#article\",\"isPartOf\":{\"@id\":\"https:\\\/\\\/www.terminsvertreter.com\\\/ratgeber\\\/terminsgebuehr-bei-anerkenntnis\\\/\"},\"author\":{\"name\":\"Dr. Philipp Hammerich\",\"@id\":\"https:\\\/\\\/www.terminsvertreter.com\\\/ratgeber\\\/#\\\/schema\\\/person\\\/2f5fb45af0c226c494243a02534434d6\"},\"headline\":\"F\u00e4llt die Terminsgeb\u00fchr gem\u00e4\u00df RVG bei einem Anerkenntnis an?\",\"datePublished\":\"2017-08-04T07:59:31+00:00\",\"dateModified\":\"2025-04-10T08:22:05+00:00\",\"mainEntityOfPage\":{\"@id\":\"https:\\\/\\\/www.terminsvertreter.com\\\/ratgeber\\\/terminsgebuehr-bei-anerkenntnis\\\/\"},\"wordCount\":481,\"commentCount\":0,\"publisher\":{\"@id\":\"https:\\\/\\\/www.terminsvertreter.com\\\/ratgeber\\\/#organization\"},\"image\":{\"@id\":\"https:\\\/\\\/www.terminsvertreter.com\\\/ratgeber\\\/terminsgebuehr-bei-anerkenntnis\\\/#primaryimage\"},\"thumbnailUrl\":\"https:\\\/\\\/www.terminsvertreter.com\\\/ratgeber\\\/wp-content\\\/uploads\\\/terminsgebuehr-bei-anerkenntnis.jpg\",\"inLanguage\":\"de\",\"potentialAction\":[{\"@type\":\"CommentAction\",\"name\":\"Comment\",\"target\":[\"https:\\\/\\\/www.terminsvertreter.com\\\/ratgeber\\\/terminsgebuehr-bei-anerkenntnis\\\/#respond\"]}]},{\"@type\":\"WebPage\",\"@id\":\"https:\\\/\\\/www.terminsvertreter.com\\\/ratgeber\\\/terminsgebuehr-bei-anerkenntnis\\\/\",\"url\":\"https:\\\/\\\/www.terminsvertreter.com\\\/ratgeber\\\/terminsgebuehr-bei-anerkenntnis\\\/\",\"name\":\"F\u00e4llt die Terminsgeb\u00fchr gem\u00e4\u00df RVG bei einem Anerkenntnis an? - Terminsvertreter-Blog\",\"isPartOf\":{\"@id\":\"https:\\\/\\\/www.terminsvertreter.com\\\/ratgeber\\\/#website\"},\"primaryImageOfPage\":{\"@id\":\"https:\\\/\\\/www.terminsvertreter.com\\\/ratgeber\\\/terminsgebuehr-bei-anerkenntnis\\\/#primaryimage\"},\"image\":{\"@id\":\"https:\\\/\\\/www.terminsvertreter.com\\\/ratgeber\\\/terminsgebuehr-bei-anerkenntnis\\\/#primaryimage\"},\"thumbnailUrl\":\"https:\\\/\\\/www.terminsvertreter.com\\\/ratgeber\\\/wp-content\\\/uploads\\\/terminsgebuehr-bei-anerkenntnis.jpg\",\"datePublished\":\"2017-08-04T07:59:31+00:00\",\"dateModified\":\"2025-04-10T08:22:05+00:00\",\"breadcrumb\":{\"@id\":\"https:\\\/\\\/www.terminsvertreter.com\\\/ratgeber\\\/terminsgebuehr-bei-anerkenntnis\\\/#breadcrumb\"},\"inLanguage\":\"de\",\"potentialAction\":[{\"@type\":\"ReadAction\",\"target\":[\"https:\\\/\\\/www.terminsvertreter.com\\\/ratgeber\\\/terminsgebuehr-bei-anerkenntnis\\\/\"]}]},{\"@type\":\"ImageObject\",\"inLanguage\":\"de\",\"@id\":\"https:\\\/\\\/www.terminsvertreter.com\\\/ratgeber\\\/terminsgebuehr-bei-anerkenntnis\\\/#primaryimage\",\"url\":\"https:\\\/\\\/www.terminsvertreter.com\\\/ratgeber\\\/wp-content\\\/uploads\\\/terminsgebuehr-bei-anerkenntnis.jpg\",\"contentUrl\":\"https:\\\/\\\/www.terminsvertreter.com\\\/ratgeber\\\/wp-content\\\/uploads\\\/terminsgebuehr-bei-anerkenntnis.jpg\",\"width\":800,\"height\":350,\"caption\":\"Entsteht die Terminsgeb\u00fchr bei einem Anerkenntnis?\"},{\"@type\":\"BreadcrumbList\",\"@id\":\"https:\\\/\\\/www.terminsvertreter.com\\\/ratgeber\\\/terminsgebuehr-bei-anerkenntnis\\\/#breadcrumb\",\"itemListElement\":[{\"@type\":\"ListItem\",\"position\":1,\"name\":\"Home\",\"item\":\"https:\\\/\\\/www.terminsvertreter.com\\\/ratgeber\\\/\"},{\"@type\":\"ListItem\",\"position\":2,\"name\":\"F\u00e4llt die Terminsgeb\u00fchr gem\u00e4\u00df RVG bei einem Anerkenntnis an?\"}]},{\"@type\":\"WebSite\",\"@id\":\"https:\\\/\\\/www.terminsvertreter.com\\\/ratgeber\\\/#website\",\"url\":\"https:\\\/\\\/www.terminsvertreter.com\\\/ratgeber\\\/\",\"name\":\"Terminsvertreter-Blog\",\"description\":\"News und Ratgeber\",\"publisher\":{\"@id\":\"https:\\\/\\\/www.terminsvertreter.com\\\/ratgeber\\\/#organization\"},\"potentialAction\":[{\"@type\":\"SearchAction\",\"target\":{\"@type\":\"EntryPoint\",\"urlTemplate\":\"https:\\\/\\\/www.terminsvertreter.com\\\/ratgeber\\\/?s={search_term_string}\"},\"query-input\":{\"@type\":\"PropertyValueSpecification\",\"valueRequired\":true,\"valueName\":\"search_term_string\"}}],\"inLanguage\":\"de\"},{\"@type\":\"Organization\",\"@id\":\"https:\\\/\\\/www.terminsvertreter.com\\\/ratgeber\\\/#organization\",\"name\":\"Terminsvertreter-Blog\",\"url\":\"https:\\\/\\\/www.terminsvertreter.com\\\/ratgeber\\\/\",\"logo\":{\"@type\":\"ImageObject\",\"inLanguage\":\"de\",\"@id\":\"https:\\\/\\\/www.terminsvertreter.com\\\/ratgeber\\\/#\\\/schema\\\/logo\\\/image\\\/\",\"url\":\"https:\\\/\\\/www.terminsvertreter.com\\\/ratgeber\\\/wp-content\\\/uploads\\\/terminsvertreter-logo.webp\",\"contentUrl\":\"https:\\\/\\\/www.terminsvertreter.com\\\/ratgeber\\\/wp-content\\\/uploads\\\/terminsvertreter-logo.webp\",\"width\":400,\"height\":64,\"caption\":\"Terminsvertreter-Blog\"},\"image\":{\"@id\":\"https:\\\/\\\/www.terminsvertreter.com\\\/ratgeber\\\/#\\\/schema\\\/logo\\\/image\\\/\"},\"sameAs\":[\"https:\\\/\\\/www.facebook.com\\\/people\\\/Terminsvertreter\\\/100079926887729\\\/\",\"https:\\\/\\\/x.com\\\/terminvertreter\"]},{\"@type\":\"Person\",\"@id\":\"https:\\\/\\\/www.terminsvertreter.com\\\/ratgeber\\\/#\\\/schema\\\/person\\\/2f5fb45af0c226c494243a02534434d6\",\"name\":\"Dr. Philipp Hammerich\",\"image\":{\"@type\":\"ImageObject\",\"inLanguage\":\"de\",\"@id\":\"https:\\\/\\\/www.terminsvertreter.com\\\/ratgeber\\\/wp-content\\\/uploads\\\/philipp-hammerich-ra-96x96.png\",\"url\":\"https:\\\/\\\/www.terminsvertreter.com\\\/ratgeber\\\/wp-content\\\/uploads\\\/philipp-hammerich-ra-96x96.png\",\"contentUrl\":\"https:\\\/\\\/www.terminsvertreter.com\\\/ratgeber\\\/wp-content\\\/uploads\\\/philipp-hammerich-ra-96x96.png\",\"caption\":\"Dr. Philipp Hammerich\"},\"description\":\"Dr. Philipp Hammerich beendete sein Jura-Studium in Hamburg und promovierte im Anschluss bei Prof. Dr. Hoffmann-Riem, der zu jener Zeit Richter am Bundesverfassungsgericht war. Das Referendariat absolvierte Dr. Philipp Hammerich am OLG Hamburg. Seit 2007 ist er in Deutschland als Rechtsanwalt zugelassen.\",\"sameAs\":[\"https:\\\/\\\/x.com\\\/gitte.hartung@legal.one\"],\"url\":\"https:\\\/\\\/www.terminsvertreter.com\\\/ratgeber\\\/author\\\/phammerich\\\/\"}]}<\/script>\n<!-- \/ Yoast SEO plugin. -->","yoast_head_json":{"title":"F\u00e4llt die Terminsgeb\u00fchr gem\u00e4\u00df RVG bei einem Anerkenntnis an? - Terminsvertreter-Blog","robots":{"index":"index","follow":"follow","max-snippet":"max-snippet:-1","max-image-preview":"max-image-preview:large","max-video-preview":"max-video-preview:-1"},"canonical":"https:\/\/www.terminsvertreter.com\/ratgeber\/terminsgebuehr-bei-anerkenntnis\/","og_locale":"de_DE","og_type":"article","og_title":"F\u00e4llt die Terminsgeb\u00fchr gem\u00e4\u00df RVG bei einem Anerkenntnis an? - Terminsvertreter-Blog","og_description":"F\u00fcr Sie als Rechtsanwalt regelt das Verg\u00fctungsverzeichnis zum Gesetz \u00fcber die Verg\u00fctung der Rechtsanw\u00e4ltinnen und Rechtsanw\u00e4lte (kurz: VV RVG) eine bunte Vielfalt an denkbaren Geb\u00fchren. Die hier mitunter normierte Terminsgeb\u00fchr entsteht dabei sowohl f\u00fcr die Wahrnehmung von gerichtlichen als auch f\u00fcr die von au\u00dfergerichtlichen Terminen und Besprechungen, nicht jedoch sofern der Gerichtstermin eine blo\u00dfe Entscheidungsverk\u00fcndung darstellt. Im Folgenden soll der Frage auf den Grund gegangen werden, ob die Terminsgeb\u00fchr auch","og_url":"https:\/\/www.terminsvertreter.com\/ratgeber\/terminsgebuehr-bei-anerkenntnis\/","og_site_name":"Terminsvertreter-Blog","article_publisher":"https:\/\/www.facebook.com\/people\/Terminsvertreter\/100079926887729\/","article_modified_time":"2025-04-10T08:22:05+00:00","og_image":[{"width":800,"height":350,"url":"https:\/\/www.terminsvertreter.com\/ratgeber\/wp-content\/uploads\/terminsgebuehr-bei-anerkenntnis.jpg","type":"image\/jpeg"}],"twitter_card":"summary_large_image","twitter_site":"@terminvertreter","twitter_misc":{"Gesch\u00e4tzte Lesezeit":"2\u00a0Minuten"},"schema":{"@context":"https:\/\/schema.org","@graph":[{"@type":"Article","@id":"https:\/\/www.terminsvertreter.com\/ratgeber\/terminsgebuehr-bei-anerkenntnis\/#article","isPartOf":{"@id":"https:\/\/www.terminsvertreter.com\/ratgeber\/terminsgebuehr-bei-anerkenntnis\/"},"author":{"name":"Dr. Philipp Hammerich","@id":"https:\/\/www.terminsvertreter.com\/ratgeber\/#\/schema\/person\/2f5fb45af0c226c494243a02534434d6"},"headline":"F\u00e4llt die Terminsgeb\u00fchr gem\u00e4\u00df RVG bei einem Anerkenntnis an?","datePublished":"2017-08-04T07:59:31+00:00","dateModified":"2025-04-10T08:22:05+00:00","mainEntityOfPage":{"@id":"https:\/\/www.terminsvertreter.com\/ratgeber\/terminsgebuehr-bei-anerkenntnis\/"},"wordCount":481,"commentCount":0,"publisher":{"@id":"https:\/\/www.terminsvertreter.com\/ratgeber\/#organization"},"image":{"@id":"https:\/\/www.terminsvertreter.com\/ratgeber\/terminsgebuehr-bei-anerkenntnis\/#primaryimage"},"thumbnailUrl":"https:\/\/www.terminsvertreter.com\/ratgeber\/wp-content\/uploads\/terminsgebuehr-bei-anerkenntnis.jpg","inLanguage":"de","potentialAction":[{"@type":"CommentAction","name":"Comment","target":["https:\/\/www.terminsvertreter.com\/ratgeber\/terminsgebuehr-bei-anerkenntnis\/#respond"]}]},{"@type":"WebPage","@id":"https:\/\/www.terminsvertreter.com\/ratgeber\/terminsgebuehr-bei-anerkenntnis\/","url":"https:\/\/www.terminsvertreter.com\/ratgeber\/terminsgebuehr-bei-anerkenntnis\/","name":"F\u00e4llt die Terminsgeb\u00fchr gem\u00e4\u00df RVG bei einem Anerkenntnis an? - Terminsvertreter-Blog","isPartOf":{"@id":"https:\/\/www.terminsvertreter.com\/ratgeber\/#website"},"primaryImageOfPage":{"@id":"https:\/\/www.terminsvertreter.com\/ratgeber\/terminsgebuehr-bei-anerkenntnis\/#primaryimage"},"image":{"@id":"https:\/\/www.terminsvertreter.com\/ratgeber\/terminsgebuehr-bei-anerkenntnis\/#primaryimage"},"thumbnailUrl":"https:\/\/www.terminsvertreter.com\/ratgeber\/wp-content\/uploads\/terminsgebuehr-bei-anerkenntnis.jpg","datePublished":"2017-08-04T07:59:31+00:00","dateModified":"2025-04-10T08:22:05+00:00","breadcrumb":{"@id":"https:\/\/www.terminsvertreter.com\/ratgeber\/terminsgebuehr-bei-anerkenntnis\/#breadcrumb"},"inLanguage":"de","potentialAction":[{"@type":"ReadAction","target":["https:\/\/www.terminsvertreter.com\/ratgeber\/terminsgebuehr-bei-anerkenntnis\/"]}]},{"@type":"ImageObject","inLanguage":"de","@id":"https:\/\/www.terminsvertreter.com\/ratgeber\/terminsgebuehr-bei-anerkenntnis\/#primaryimage","url":"https:\/\/www.terminsvertreter.com\/ratgeber\/wp-content\/uploads\/terminsgebuehr-bei-anerkenntnis.jpg","contentUrl":"https:\/\/www.terminsvertreter.com\/ratgeber\/wp-content\/uploads\/terminsgebuehr-bei-anerkenntnis.jpg","width":800,"height":350,"caption":"Entsteht die Terminsgeb\u00fchr bei einem Anerkenntnis?"},{"@type":"BreadcrumbList","@id":"https:\/\/www.terminsvertreter.com\/ratgeber\/terminsgebuehr-bei-anerkenntnis\/#breadcrumb","itemListElement":[{"@type":"ListItem","position":1,"name":"Home","item":"https:\/\/www.terminsvertreter.com\/ratgeber\/"},{"@type":"ListItem","position":2,"name":"F\u00e4llt die Terminsgeb\u00fchr gem\u00e4\u00df RVG bei einem Anerkenntnis an?"}]},{"@type":"WebSite","@id":"https:\/\/www.terminsvertreter.com\/ratgeber\/#website","url":"https:\/\/www.terminsvertreter.com\/ratgeber\/","name":"Terminsvertreter-Blog","description":"News und Ratgeber","publisher":{"@id":"https:\/\/www.terminsvertreter.com\/ratgeber\/#organization"},"potentialAction":[{"@type":"SearchAction","target":{"@type":"EntryPoint","urlTemplate":"https:\/\/www.terminsvertreter.com\/ratgeber\/?s={search_term_string}"},"query-input":{"@type":"PropertyValueSpecification","valueRequired":true,"valueName":"search_term_string"}}],"inLanguage":"de"},{"@type":"Organization","@id":"https:\/\/www.terminsvertreter.com\/ratgeber\/#organization","name":"Terminsvertreter-Blog","url":"https:\/\/www.terminsvertreter.com\/ratgeber\/","logo":{"@type":"ImageObject","inLanguage":"de","@id":"https:\/\/www.terminsvertreter.com\/ratgeber\/#\/schema\/logo\/image\/","url":"https:\/\/www.terminsvertreter.com\/ratgeber\/wp-content\/uploads\/terminsvertreter-logo.webp","contentUrl":"https:\/\/www.terminsvertreter.com\/ratgeber\/wp-content\/uploads\/terminsvertreter-logo.webp","width":400,"height":64,"caption":"Terminsvertreter-Blog"},"image":{"@id":"https:\/\/www.terminsvertreter.com\/ratgeber\/#\/schema\/logo\/image\/"},"sameAs":["https:\/\/www.facebook.com\/people\/Terminsvertreter\/100079926887729\/","https:\/\/x.com\/terminvertreter"]},{"@type":"Person","@id":"https:\/\/www.terminsvertreter.com\/ratgeber\/#\/schema\/person\/2f5fb45af0c226c494243a02534434d6","name":"Dr. Philipp Hammerich","image":{"@type":"ImageObject","inLanguage":"de","@id":"https:\/\/www.terminsvertreter.com\/ratgeber\/wp-content\/uploads\/philipp-hammerich-ra-96x96.png","url":"https:\/\/www.terminsvertreter.com\/ratgeber\/wp-content\/uploads\/philipp-hammerich-ra-96x96.png","contentUrl":"https:\/\/www.terminsvertreter.com\/ratgeber\/wp-content\/uploads\/philipp-hammerich-ra-96x96.png","caption":"Dr. Philipp Hammerich"},"description":"Dr. Philipp Hammerich beendete sein Jura-Studium in Hamburg und promovierte im Anschluss bei Prof. Dr. Hoffmann-Riem, der zu jener Zeit Richter am Bundesverfassungsgericht war. Das Referendariat absolvierte Dr. Philipp Hammerich am OLG Hamburg. Seit 2007 ist er in Deutschland als Rechtsanwalt zugelassen.","sameAs":["https:\/\/x.com\/gitte.hartung@legal.one"],"url":"https:\/\/www.terminsvertreter.com\/ratgeber\/author\/phammerich\/"}]}},"_links":{"self":[{"href":"https:\/\/www.terminsvertreter.com\/ratgeber\/wp-json\/wp\/v2\/pages\/246","targetHints":{"allow":["GET"]}}],"collection":[{"href":"https:\/\/www.terminsvertreter.com\/ratgeber\/wp-json\/wp\/v2\/pages"}],"about":[{"href":"https:\/\/www.terminsvertreter.com\/ratgeber\/wp-json\/wp\/v2\/types\/page"}],"author":[{"embeddable":true,"href":"https:\/\/www.terminsvertreter.com\/ratgeber\/wp-json\/wp\/v2\/users\/23"}],"replies":[{"embeddable":true,"href":"https:\/\/www.terminsvertreter.com\/ratgeber\/wp-json\/wp\/v2\/comments?post=246"}],"version-history":[{"count":21,"href":"https:\/\/www.terminsvertreter.com\/ratgeber\/wp-json\/wp\/v2\/pages\/246\/revisions"}],"predecessor-version":[{"id":1067,"href":"https:\/\/www.terminsvertreter.com\/ratgeber\/wp-json\/wp\/v2\/pages\/246\/revisions\/1067"}],"wp:featuredmedia":[{"embeddable":true,"href":"https:\/\/www.terminsvertreter.com\/ratgeber\/wp-json\/wp\/v2\/media\/252"}],"wp:attachment":[{"href":"https:\/\/www.terminsvertreter.com\/ratgeber\/wp-json\/wp\/v2\/media?parent=246"}],"curies":[{"name":"wp","href":"https:\/\/api.w.org\/{rel}","templated":true}]}}