{"id":805,"date":"2022-06-23T20:13:06","date_gmt":"2022-06-23T18:13:06","guid":{"rendered":"https:\/\/www.terminsvertreter.com\/ratgeber\/?page_id=805"},"modified":"2025-08-04T10:04:08","modified_gmt":"2025-08-04T08:04:08","slug":"terminsvollmacht","status":"publish","type":"page","link":"https:\/\/www.terminsvertreter.com\/ratgeber\/terminsvollmacht\/","title":{"rendered":"Terminsvollmacht nach \u00a7 141 ZPO: Informationen und Muster"},"content":{"rendered":"\n<p>Manchmal ist es f\u00fcr einen Zivilprozess zwingend erforderlich, dass <strong>beide Parteien anwesend<\/strong> sind, um den Sachverhalt angemessen aufkl\u00e4ren zu k\u00f6nnen. Gem\u00e4\u00df <strong>\u00a7 141 Abs. 1 der Zivilprozessordnung (ZPO)<\/strong> kann das Gericht in einem solchen Fall das pers\u00f6nliche Erscheinen der Betroffenen anordnen. Kann eine Partei nicht an dem Termin teilnehmen, darf sie <strong>einen Vertreter schicken<\/strong> \u2013 allerdings nur, wenn dieser auch eine entsprechende <strong>Terminsvollmacht <\/strong>besitzt.<\/p>\n\n\n<div class=\"wp-block-image\">\n<figure class=\"aligncenter size-large\"><img decoding=\"async\" width=\"800\" height=\"350\" src=\"https:\/\/www.terminsvertreter.com\/ratgeber\/wp-content\/uploads\/terminsvollmacht.jpg\" alt=\"K\u00f6nnen Sie nicht selbst vor Gericht erscheinen, m\u00fcssen Sie Ihrem Vertreter eine Terminsvollmacht ausstellen.\" class=\"wp-image-810\" srcset=\"https:\/\/www.terminsvertreter.com\/ratgeber\/wp-content\/uploads\/terminsvollmacht.jpg 800w, https:\/\/www.terminsvertreter.com\/ratgeber\/wp-content\/uploads\/terminsvollmacht-300x131.jpg 300w, https:\/\/www.terminsvertreter.com\/ratgeber\/wp-content\/uploads\/terminsvollmacht-768x336.jpg 768w\" sizes=\"(max-width: 800px) 100vw, 800px\" \/><figcaption class=\"wp-element-caption\">K\u00f6nnen Sie nicht selbst vor Gericht erscheinen, m\u00fcssen Sie Ihrem Vertreter eine Terminsvollmacht ausstellen.<\/figcaption><\/figure>\n<\/div>\n\n<div id=\"ez-toc-container\" class=\"ez-toc-v2_0_82_2 counter-hierarchy ez-toc-counter ez-toc-custom ez-toc-container-direction\">\n<div class=\"ez-toc-title-container\"><p class=\"ez-toc-title\" style=\"cursor:inherit\">Inhaltsverzeichnis<\/p>\n<\/div><nav><ul class='ez-toc-list ez-toc-list-level-1 ' ><li class='ez-toc-page-1 ez-toc-heading-level-2'><a class=\"ez-toc-link ez-toc-heading-1\" href=\"https:\/\/www.terminsvertreter.com\/ratgeber\/terminsvollmacht\/#FAQ_Terminsvollmacht\" >FAQ: Terminsvollmacht<\/a><\/li><li class='ez-toc-page-1 ez-toc-heading-level-2'><a class=\"ez-toc-link ez-toc-heading-2\" href=\"https:\/\/www.terminsvertreter.com\/ratgeber\/terminsvollmacht\/#Ohne_Vollmacht_kein_Terminsvertreter\" >Ohne Vollmacht kein Terminsvertreter<\/a><\/li><li class='ez-toc-page-1 ez-toc-heading-level-2'><a class=\"ez-toc-link ez-toc-heading-3\" href=\"https:\/\/www.terminsvertreter.com\/ratgeber\/terminsvollmacht\/#Vollmacht_nach_%C2%A7_141_ZPO_Kostenloses_Muster_zum_Download\" >Vollmacht nach \u00a7 141 ZPO: Kostenloses Muster zum Download<\/a><\/li><\/ul><\/nav><\/div>\n\n\n\n\n<h2 class=\"wp-block-heading\"><span class=\"ez-toc-section\" id=\"FAQ_Terminsvollmacht\"><\/span>FAQ: Terminsvollmacht<span class=\"ez-toc-section-end\"><\/span><\/h2>\n\n\n\n<p><strong>Was ist eine Terminsvollmacht?<br><\/strong>Bei einem Zivilprozess kann das pers\u00f6nliche Erscheinen der Parteien angeordnet werden. Ist es Ihnen unm\u00f6glich, selbst zu kommen, d\u00fcrfen Sie einen Vertreter schicken. Daf\u00fcr m\u00fcssen Sie eine Terminsvollmacht ausstellen, sonst wird die <a href=\"https:\/\/www.terminsvertreter.com\/terminsvertretung\/\">Vertretung<\/a> nicht vor Gericht anerkannt.<\/p>\n\n\n\n<p><strong>Wer kann mit einer Terminsvollmacht zum Vertreter bestimmt werden?<br><\/strong>Zum einen kann die Prozesspartei selbst einen Vertreter, z. B. einen Anwalt, bevollm\u00e4chtigen. Zum anderen kann der Jurist seinerseits einen anderen Anwalt beauftragen, ihn zu vertreten. In diesem Fall muss die Terminsvollmacht als <a href=\"https:\/\/www.terminsvertreter.com\/ratgeber\/untervollmacht\/\">Untervollmacht<\/a> ausgestellt werden.<\/p>\n\n\n\n<p><strong>Kann ich f\u00fcr die Formulierung der Terminsvollmacht ein Muster verwenden?<br><\/strong>Ja, Sie k\u00f6nnen z. B. die kostenlose Vorlage benutzen, die wir Ihnen <a href=\"#muster\">hier<\/a> zur Verf\u00fcgung stellen.<\/p>\n\n\n\n<h2 class=\"wp-block-heading\"><span class=\"ez-toc-section\" id=\"Ohne_Vollmacht_kein_Terminsvertreter\"><\/span>Ohne Vollmacht kein Terminsvertreter<span class=\"ez-toc-section-end\"><\/span><\/h2>\n\n\n<div class=\"wp-block-image\">\n<figure class=\"alignright size-large\"><img decoding=\"async\" width=\"300\" height=\"200\" src=\"https:\/\/www.terminsvertreter.com\/ratgeber\/wp-content\/uploads\/terminsvollmacht-gericht.jpg\" alt=\"Ohne Terminsvollmacht wird die Vertretung vor Gericht nicht anerkannt.\" class=\"wp-image-817\"\/><figcaption class=\"wp-element-caption\">Ohne Terminsvollmacht wird die Vertretung vor Gericht nicht anerkannt.<\/figcaption><\/figure>\n<\/div>\n\n\n<p>Nicht immer k\u00f6nnen die Beteiligten an einem Zivilprozess <strong>pers\u00f6nlich zu einem Termin erscheinen<\/strong>. Vielleicht sind sie gerade au\u00dfer Landes oder k\u00f6nnen aufgrund gesundheitlicher Beschwerden nicht selbst ins Gericht kommen. In diesem Fall besteht die M\u00f6glichkeit, <strong>einen Vertreter zu entsenden<\/strong>. Gem\u00e4\u00df \u00a7 141 Abs. 3 der Zivilprozessordnung (ZPO) muss dieser Vertreter in der Lage sein, <strong>den Tatbestand aufzukl\u00e4ren<\/strong>, und die Erm\u00e4chtigung haben, <strong>gebotene Erkl\u00e4rungen abzugeben<\/strong>. Das ist insbesondere dann wichtig, wenn <strong>ein Vergleich abgeschlossen<\/strong> werden soll.<\/p>\n\n\n\n<p>Um nachzuweisen, dass <strong>der gesandte Vertreter<\/strong> tats\u00e4chlich die entsprechenden Befugnisse besitzt, muss die Prozesspartei ihm <strong>eine Terminsvollmacht ausstellen<\/strong>. Andernfalls wird die Vertretung vor Gericht nicht anerkannt und es wird so gewertet, dass die Prozesspartei trotz Anordnung zum pers\u00f6nlichen Erscheinen <strong>dem Termin fernbleibt<\/strong>. In diesem Fall muss sie mit <strong>einem Ordnungsgeld<\/strong> rechnen.<\/p>\n\n\n\n<h2 class=\"wp-block-heading\" id=\"muster\"><span class=\"ez-toc-section\" id=\"Vollmacht_nach_%C2%A7_141_ZPO_Kostenloses_Muster_zum_Download\"><\/span>Vollmacht nach \u00a7 141 ZPO: Kostenloses Muster zum Download<span class=\"ez-toc-section-end\"><\/span><\/h2>\n\n\n\n<p><strong>Eine Terminsvollmacht zu formulieren<\/strong>, ist nicht sehr schwierig, da das Dokument nur wenige Angaben enthalten muss, um g\u00fcltig zu sein. <strong>Unser Muster<\/strong> zeigt Ihnen, wie eine solche Terminsvollmacht aussehen kann:<\/p>\n\n\n\n<div class=\"wp-block-group muster\"><div class=\"wp-block-group__inner-container is-layout-flow wp-block-group-is-layout-flow\">\n<p><strong>Muster f\u00fcr Terminsvollmacht gem\u00e4\u00df \u00a7 141 ZPO<\/strong><\/p>\n\n\n\n<p>Hiermit bevollm\u00e4chtige ich<br>Herrn\/Frau [Name, Anschrift des Bevollm\u00e4chtigten]<\/p>\n\n\n\n<p>mich in dem Verfahren [Prozesspartei] gegen [Prozesspartei] (Aktenzeichen: \u2026) vor dem [Name des Gerichts] gem\u00e4\u00df \u00a7 141 Abs. 3 ZPO zu vertreten.<\/p>\n\n\n\n<p>Der Vertreter wird erm\u00e4chtigt, den Tatbestand aufzukl\u00e4ren und gebotene Erkl\u00e4rungen abzugeben, insbesondere zur Beendigung des Rechtsstreits durch Vergleich.<\/p>\n\n\n\n<p>[Ort, Datum]<\/p>\n\n\n\n<p>[Unterschrift Vollmachtgeber]<br>____________________________<\/p>\n<\/div><\/div>\n\n\n\n<p><a class=\"button\" href=\"https:\/\/www.terminsvertreter.com\/ratgeber\/wp-content\/uploads\/terminsvollmacht-muster.pdf\">Muster als .pdf herunterladen<\/a> <a class=\"button\" href=\"https:\/\/www.terminsvertreter.com\/ratgeber\/wp-content\/uploads\/terminsvollmacht-muster.doc\">Muster als .doc herunterladen<\/a><\/p>\n\n\n\n<p><em>Bildnachweise: istockphoto.com\/Marilyn Nieves, fotolia.com\/aerogondo<\/em><\/p>\n<div class=\"l1-authorbox\"><h3 class=\"l1-authorbox-intro\">\u00dcber den Autor<\/h3><div class=\"l1-authorbox-inner\"><div class=\"l1-authorbox-avatar\"><img alt='Dr. Philipp Hammerich' src='https:\/\/www.terminsvertreter.com\/ratgeber\/wp-content\/uploads\/philipp-hammerich-ra-150x150.png' srcset='https:\/\/www.terminsvertreter.com\/ratgeber\/wp-content\/uploads\/philipp-hammerich-ra-300x300.png 2x' class='avatar avatar-150 photo' height='150' width='150' \/><\/div><div class=\"l1-authorbox-personal-info\"><a href=\"https:\/\/www.terminsvertreter.com\/ratgeber\/author\/phammerich\/\" class=\"l1-authorbox-name\">Dr. Philipp Hammerich<\/a><p class=\"l1-authorbox-description\">Dr. Philipp Hammerich beendete sein Jura-Studium in Hamburg und promovierte im Anschluss bei Prof. Dr. Hoffmann-Riem, der zu jener Zeit Richter am Bundesverfassungsgericht war. Das Referendariat absolvierte Dr. Philipp Hammerich am OLG Hamburg. Seit 2007 ist er in Deutschland als Rechtsanwalt zugelassen.<\/p><\/div><\/div><\/div>","protected":false},"excerpt":{"rendered":"<p>Manchmal ist es f\u00fcr einen Zivilprozess zwingend erforderlich, dass beide Parteien anwesend sind, um den Sachverhalt angemessen aufkl\u00e4ren zu k\u00f6nnen. Gem\u00e4\u00df \u00a7 141 Abs. 1 der Zivilprozessordnung (ZPO) kann das Gericht in einem solchen Fall das pers\u00f6nliche Erscheinen der Betroffenen anordnen. Kann eine Partei nicht an dem Termin teilnehmen, darf sie einen Vertreter schicken \u2013 allerdings nur, wenn dieser auch eine entsprechende Terminsvollmacht besitzt. FAQ: Terminsvollmacht Was ist eine Terminsvollmacht?Bei<\/p>\n<a href=\"https:\/\/www.terminsvertreter.com\/ratgeber\/terminsvollmacht\/\"> <div class=\"readmorelink\"><div class=\"rmtext\">[ Weiterlesen... ]<\/div><\/div><\/a>","protected":false},"author":23,"featured_media":810,"parent":0,"menu_order":0,"comment_status":"open","ping_status":"closed","template":"","meta":{"_acf_changed":false,"_relevanssi_hide_post":"","_relevanssi_hide_content":"","_relevanssi_pin_for_all":"","_relevanssi_pin_keywords":"","_relevanssi_unpin_keywords":"","_relevanssi_related_keywords":"","_relevanssi_related_include_ids":"","_relevanssi_related_exclude_ids":"","_relevanssi_related_no_append":"","_relevanssi_related_not_related":"","_relevanssi_related_posts":"","_relevanssi_noindex_reason":"","_genesis_hide_title":false,"_genesis_hide_breadcrumbs":false,"_genesis_hide_singular_image":false,"_genesis_hide_footer_widgets":false,"_genesis_custom_body_class":"","_genesis_custom_post_class":"","_genesis_layout":"","footnotes":""},"class_list":{"0":"post-805","1":"page","2":"type-page","3":"status-publish","4":"has-post-thumbnail","6":"entry"},"acf":[],"yoast_head":"<!-- This site is optimized with the Yoast SEO plugin v27.3 - https:\/\/yoast.com\/product\/yoast-seo-wordpress\/ -->\n<title>Terminsvollmacht: Wie muss sie ausgestellt werden?<\/title>\n<meta name=\"description\" content=\"Terminsvollmacht nach \u00a7 141 ZPO: Wann ist sie notwendig? Wie muss sie aussehen? Ein Muster f\u00fcr die Terminsvollmacht gibt es auf terminsvertreter.com!\" \/>\n<meta name=\"robots\" content=\"index, follow, max-snippet:-1, max-image-preview:large, max-video-preview:-1\" \/>\n<link rel=\"canonical\" href=\"https:\/\/www.terminsvertreter.com\/ratgeber\/terminsvollmacht\/\" \/>\n<meta property=\"og:locale\" content=\"de_DE\" \/>\n<meta property=\"og:type\" content=\"article\" \/>\n<meta property=\"og:title\" content=\"Terminsvollmacht: Wie muss sie ausgestellt werden?\" \/>\n<meta property=\"og:description\" content=\"Terminsvollmacht nach \u00a7 141 ZPO: Wann ist sie notwendig? Wie muss sie aussehen? Ein Muster f\u00fcr die Terminsvollmacht gibt es auf terminsvertreter.com!\" \/>\n<meta property=\"og:url\" content=\"https:\/\/www.terminsvertreter.com\/ratgeber\/terminsvollmacht\/\" \/>\n<meta property=\"og:site_name\" content=\"Terminsvertreter-Blog\" \/>\n<meta property=\"article:publisher\" content=\"https:\/\/www.facebook.com\/people\/Terminsvertreter\/100079926887729\/\" \/>\n<meta property=\"article:modified_time\" content=\"2025-08-04T08:04:08+00:00\" \/>\n<meta property=\"og:image\" content=\"https:\/\/www.terminsvertreter.com\/ratgeber\/wp-content\/uploads\/terminsvollmacht.jpg\" \/>\n\t<meta property=\"og:image:width\" content=\"800\" \/>\n\t<meta property=\"og:image:height\" content=\"350\" \/>\n\t<meta property=\"og:image:type\" content=\"image\/jpeg\" \/>\n<meta name=\"twitter:card\" content=\"summary_large_image\" \/>\n<meta name=\"twitter:site\" content=\"@terminvertreter\" \/>\n<meta name=\"twitter:label1\" content=\"Gesch\u00e4tzte Lesezeit\" \/>\n\t<meta name=\"twitter:data1\" content=\"4\u00a0Minuten\" \/>\n<script type=\"application\/ld+json\" class=\"yoast-schema-graph\">{\"@context\":\"https:\\\/\\\/schema.org\",\"@graph\":[{\"@type\":\"Article\",\"@id\":\"https:\\\/\\\/www.terminsvertreter.com\\\/ratgeber\\\/terminsvollmacht\\\/#article\",\"isPartOf\":{\"@id\":\"https:\\\/\\\/www.terminsvertreter.com\\\/ratgeber\\\/terminsvollmacht\\\/\"},\"author\":{\"name\":\"Dr. Philipp Hammerich\",\"@id\":\"https:\\\/\\\/www.terminsvertreter.com\\\/ratgeber\\\/#\\\/schema\\\/person\\\/2f5fb45af0c226c494243a02534434d6\"},\"headline\":\"Terminsvollmacht nach \u00a7 141 ZPO: Informationen und Muster\",\"datePublished\":\"2022-06-23T18:13:06+00:00\",\"dateModified\":\"2025-08-04T08:04:08+00:00\",\"mainEntityOfPage\":{\"@id\":\"https:\\\/\\\/www.terminsvertreter.com\\\/ratgeber\\\/terminsvollmacht\\\/\"},\"wordCount\":469,\"commentCount\":0,\"publisher\":{\"@id\":\"https:\\\/\\\/www.terminsvertreter.com\\\/ratgeber\\\/#organization\"},\"image\":{\"@id\":\"https:\\\/\\\/www.terminsvertreter.com\\\/ratgeber\\\/terminsvollmacht\\\/#primaryimage\"},\"thumbnailUrl\":\"https:\\\/\\\/www.terminsvertreter.com\\\/ratgeber\\\/wp-content\\\/uploads\\\/terminsvollmacht.jpg\",\"inLanguage\":\"de\",\"potentialAction\":[{\"@type\":\"CommentAction\",\"name\":\"Comment\",\"target\":[\"https:\\\/\\\/www.terminsvertreter.com\\\/ratgeber\\\/terminsvollmacht\\\/#respond\"]}]},{\"@type\":\"WebPage\",\"@id\":\"https:\\\/\\\/www.terminsvertreter.com\\\/ratgeber\\\/terminsvollmacht\\\/\",\"url\":\"https:\\\/\\\/www.terminsvertreter.com\\\/ratgeber\\\/terminsvollmacht\\\/\",\"name\":\"Terminsvollmacht: Wie muss sie ausgestellt werden?\",\"isPartOf\":{\"@id\":\"https:\\\/\\\/www.terminsvertreter.com\\\/ratgeber\\\/#website\"},\"primaryImageOfPage\":{\"@id\":\"https:\\\/\\\/www.terminsvertreter.com\\\/ratgeber\\\/terminsvollmacht\\\/#primaryimage\"},\"image\":{\"@id\":\"https:\\\/\\\/www.terminsvertreter.com\\\/ratgeber\\\/terminsvollmacht\\\/#primaryimage\"},\"thumbnailUrl\":\"https:\\\/\\\/www.terminsvertreter.com\\\/ratgeber\\\/wp-content\\\/uploads\\\/terminsvollmacht.jpg\",\"datePublished\":\"2022-06-23T18:13:06+00:00\",\"dateModified\":\"2025-08-04T08:04:08+00:00\",\"description\":\"Terminsvollmacht nach \u00a7 141 ZPO: Wann ist sie notwendig? Wie muss sie aussehen? Ein Muster f\u00fcr die Terminsvollmacht gibt es auf terminsvertreter.com!\",\"breadcrumb\":{\"@id\":\"https:\\\/\\\/www.terminsvertreter.com\\\/ratgeber\\\/terminsvollmacht\\\/#breadcrumb\"},\"inLanguage\":\"de\",\"potentialAction\":[{\"@type\":\"ReadAction\",\"target\":[\"https:\\\/\\\/www.terminsvertreter.com\\\/ratgeber\\\/terminsvollmacht\\\/\"]}]},{\"@type\":\"ImageObject\",\"inLanguage\":\"de\",\"@id\":\"https:\\\/\\\/www.terminsvertreter.com\\\/ratgeber\\\/terminsvollmacht\\\/#primaryimage\",\"url\":\"https:\\\/\\\/www.terminsvertreter.com\\\/ratgeber\\\/wp-content\\\/uploads\\\/terminsvollmacht.jpg\",\"contentUrl\":\"https:\\\/\\\/www.terminsvertreter.com\\\/ratgeber\\\/wp-content\\\/uploads\\\/terminsvollmacht.jpg\",\"width\":800,\"height\":350,\"caption\":\"K\u00f6nnen Sie nicht selbst vor Gericht erscheinen, m\u00fcssen Sie Ihrem Vertreter eine Terminsvollmacht ausstellen.\"},{\"@type\":\"BreadcrumbList\",\"@id\":\"https:\\\/\\\/www.terminsvertreter.com\\\/ratgeber\\\/terminsvollmacht\\\/#breadcrumb\",\"itemListElement\":[{\"@type\":\"ListItem\",\"position\":1,\"name\":\"Home\",\"item\":\"https:\\\/\\\/www.terminsvertreter.com\\\/ratgeber\\\/\"},{\"@type\":\"ListItem\",\"position\":2,\"name\":\"Terminsvollmacht nach \u00a7 141 ZPO: Informationen und Muster\"}]},{\"@type\":\"WebSite\",\"@id\":\"https:\\\/\\\/www.terminsvertreter.com\\\/ratgeber\\\/#website\",\"url\":\"https:\\\/\\\/www.terminsvertreter.com\\\/ratgeber\\\/\",\"name\":\"Terminsvertreter-Blog\",\"description\":\"News und Ratgeber\",\"publisher\":{\"@id\":\"https:\\\/\\\/www.terminsvertreter.com\\\/ratgeber\\\/#organization\"},\"potentialAction\":[{\"@type\":\"SearchAction\",\"target\":{\"@type\":\"EntryPoint\",\"urlTemplate\":\"https:\\\/\\\/www.terminsvertreter.com\\\/ratgeber\\\/?s={search_term_string}\"},\"query-input\":{\"@type\":\"PropertyValueSpecification\",\"valueRequired\":true,\"valueName\":\"search_term_string\"}}],\"inLanguage\":\"de\"},{\"@type\":\"Organization\",\"@id\":\"https:\\\/\\\/www.terminsvertreter.com\\\/ratgeber\\\/#organization\",\"name\":\"Terminsvertreter-Blog\",\"url\":\"https:\\\/\\\/www.terminsvertreter.com\\\/ratgeber\\\/\",\"logo\":{\"@type\":\"ImageObject\",\"inLanguage\":\"de\",\"@id\":\"https:\\\/\\\/www.terminsvertreter.com\\\/ratgeber\\\/#\\\/schema\\\/logo\\\/image\\\/\",\"url\":\"https:\\\/\\\/www.terminsvertreter.com\\\/ratgeber\\\/wp-content\\\/uploads\\\/terminsvertreter-logo.webp\",\"contentUrl\":\"https:\\\/\\\/www.terminsvertreter.com\\\/ratgeber\\\/wp-content\\\/uploads\\\/terminsvertreter-logo.webp\",\"width\":400,\"height\":64,\"caption\":\"Terminsvertreter-Blog\"},\"image\":{\"@id\":\"https:\\\/\\\/www.terminsvertreter.com\\\/ratgeber\\\/#\\\/schema\\\/logo\\\/image\\\/\"},\"sameAs\":[\"https:\\\/\\\/www.facebook.com\\\/people\\\/Terminsvertreter\\\/100079926887729\\\/\",\"https:\\\/\\\/x.com\\\/terminvertreter\"]},{\"@type\":\"Person\",\"@id\":\"https:\\\/\\\/www.terminsvertreter.com\\\/ratgeber\\\/#\\\/schema\\\/person\\\/2f5fb45af0c226c494243a02534434d6\",\"name\":\"Dr. Philipp Hammerich\",\"image\":{\"@type\":\"ImageObject\",\"inLanguage\":\"de\",\"@id\":\"https:\\\/\\\/www.terminsvertreter.com\\\/ratgeber\\\/wp-content\\\/uploads\\\/philipp-hammerich-ra-96x96.png\",\"url\":\"https:\\\/\\\/www.terminsvertreter.com\\\/ratgeber\\\/wp-content\\\/uploads\\\/philipp-hammerich-ra-96x96.png\",\"contentUrl\":\"https:\\\/\\\/www.terminsvertreter.com\\\/ratgeber\\\/wp-content\\\/uploads\\\/philipp-hammerich-ra-96x96.png\",\"caption\":\"Dr. Philipp Hammerich\"},\"description\":\"Dr. Philipp Hammerich beendete sein Jura-Studium in Hamburg und promovierte im Anschluss bei Prof. Dr. Hoffmann-Riem, der zu jener Zeit Richter am Bundesverfassungsgericht war. Das Referendariat absolvierte Dr. Philipp Hammerich am OLG Hamburg. Seit 2007 ist er in Deutschland als Rechtsanwalt zugelassen.\",\"sameAs\":[\"https:\\\/\\\/x.com\\\/gitte.hartung@legal.one\"],\"url\":\"https:\\\/\\\/www.terminsvertreter.com\\\/ratgeber\\\/author\\\/phammerich\\\/\"}]}<\/script>\n<!-- \/ Yoast SEO plugin. -->","yoast_head_json":{"title":"Terminsvollmacht: Wie muss sie ausgestellt werden?","description":"Terminsvollmacht nach \u00a7 141 ZPO: Wann ist sie notwendig? Wie muss sie aussehen? Ein Muster f\u00fcr die Terminsvollmacht gibt es auf terminsvertreter.com!","robots":{"index":"index","follow":"follow","max-snippet":"max-snippet:-1","max-image-preview":"max-image-preview:large","max-video-preview":"max-video-preview:-1"},"canonical":"https:\/\/www.terminsvertreter.com\/ratgeber\/terminsvollmacht\/","og_locale":"de_DE","og_type":"article","og_title":"Terminsvollmacht: Wie muss sie ausgestellt werden?","og_description":"Terminsvollmacht nach \u00a7 141 ZPO: Wann ist sie notwendig? Wie muss sie aussehen? Ein Muster f\u00fcr die Terminsvollmacht gibt es auf terminsvertreter.com!","og_url":"https:\/\/www.terminsvertreter.com\/ratgeber\/terminsvollmacht\/","og_site_name":"Terminsvertreter-Blog","article_publisher":"https:\/\/www.facebook.com\/people\/Terminsvertreter\/100079926887729\/","article_modified_time":"2025-08-04T08:04:08+00:00","og_image":[{"width":800,"height":350,"url":"https:\/\/www.terminsvertreter.com\/ratgeber\/wp-content\/uploads\/terminsvollmacht.jpg","type":"image\/jpeg"}],"twitter_card":"summary_large_image","twitter_site":"@terminvertreter","twitter_misc":{"Gesch\u00e4tzte Lesezeit":"4\u00a0Minuten"},"schema":{"@context":"https:\/\/schema.org","@graph":[{"@type":"Article","@id":"https:\/\/www.terminsvertreter.com\/ratgeber\/terminsvollmacht\/#article","isPartOf":{"@id":"https:\/\/www.terminsvertreter.com\/ratgeber\/terminsvollmacht\/"},"author":{"name":"Dr. Philipp Hammerich","@id":"https:\/\/www.terminsvertreter.com\/ratgeber\/#\/schema\/person\/2f5fb45af0c226c494243a02534434d6"},"headline":"Terminsvollmacht nach \u00a7 141 ZPO: Informationen und Muster","datePublished":"2022-06-23T18:13:06+00:00","dateModified":"2025-08-04T08:04:08+00:00","mainEntityOfPage":{"@id":"https:\/\/www.terminsvertreter.com\/ratgeber\/terminsvollmacht\/"},"wordCount":469,"commentCount":0,"publisher":{"@id":"https:\/\/www.terminsvertreter.com\/ratgeber\/#organization"},"image":{"@id":"https:\/\/www.terminsvertreter.com\/ratgeber\/terminsvollmacht\/#primaryimage"},"thumbnailUrl":"https:\/\/www.terminsvertreter.com\/ratgeber\/wp-content\/uploads\/terminsvollmacht.jpg","inLanguage":"de","potentialAction":[{"@type":"CommentAction","name":"Comment","target":["https:\/\/www.terminsvertreter.com\/ratgeber\/terminsvollmacht\/#respond"]}]},{"@type":"WebPage","@id":"https:\/\/www.terminsvertreter.com\/ratgeber\/terminsvollmacht\/","url":"https:\/\/www.terminsvertreter.com\/ratgeber\/terminsvollmacht\/","name":"Terminsvollmacht: Wie muss sie ausgestellt werden?","isPartOf":{"@id":"https:\/\/www.terminsvertreter.com\/ratgeber\/#website"},"primaryImageOfPage":{"@id":"https:\/\/www.terminsvertreter.com\/ratgeber\/terminsvollmacht\/#primaryimage"},"image":{"@id":"https:\/\/www.terminsvertreter.com\/ratgeber\/terminsvollmacht\/#primaryimage"},"thumbnailUrl":"https:\/\/www.terminsvertreter.com\/ratgeber\/wp-content\/uploads\/terminsvollmacht.jpg","datePublished":"2022-06-23T18:13:06+00:00","dateModified":"2025-08-04T08:04:08+00:00","description":"Terminsvollmacht nach \u00a7 141 ZPO: Wann ist sie notwendig? Wie muss sie aussehen? Ein Muster f\u00fcr die Terminsvollmacht gibt es auf terminsvertreter.com!","breadcrumb":{"@id":"https:\/\/www.terminsvertreter.com\/ratgeber\/terminsvollmacht\/#breadcrumb"},"inLanguage":"de","potentialAction":[{"@type":"ReadAction","target":["https:\/\/www.terminsvertreter.com\/ratgeber\/terminsvollmacht\/"]}]},{"@type":"ImageObject","inLanguage":"de","@id":"https:\/\/www.terminsvertreter.com\/ratgeber\/terminsvollmacht\/#primaryimage","url":"https:\/\/www.terminsvertreter.com\/ratgeber\/wp-content\/uploads\/terminsvollmacht.jpg","contentUrl":"https:\/\/www.terminsvertreter.com\/ratgeber\/wp-content\/uploads\/terminsvollmacht.jpg","width":800,"height":350,"caption":"K\u00f6nnen Sie nicht selbst vor Gericht erscheinen, m\u00fcssen Sie Ihrem Vertreter eine Terminsvollmacht ausstellen."},{"@type":"BreadcrumbList","@id":"https:\/\/www.terminsvertreter.com\/ratgeber\/terminsvollmacht\/#breadcrumb","itemListElement":[{"@type":"ListItem","position":1,"name":"Home","item":"https:\/\/www.terminsvertreter.com\/ratgeber\/"},{"@type":"ListItem","position":2,"name":"Terminsvollmacht nach \u00a7 141 ZPO: Informationen und Muster"}]},{"@type":"WebSite","@id":"https:\/\/www.terminsvertreter.com\/ratgeber\/#website","url":"https:\/\/www.terminsvertreter.com\/ratgeber\/","name":"Terminsvertreter-Blog","description":"News und Ratgeber","publisher":{"@id":"https:\/\/www.terminsvertreter.com\/ratgeber\/#organization"},"potentialAction":[{"@type":"SearchAction","target":{"@type":"EntryPoint","urlTemplate":"https:\/\/www.terminsvertreter.com\/ratgeber\/?s={search_term_string}"},"query-input":{"@type":"PropertyValueSpecification","valueRequired":true,"valueName":"search_term_string"}}],"inLanguage":"de"},{"@type":"Organization","@id":"https:\/\/www.terminsvertreter.com\/ratgeber\/#organization","name":"Terminsvertreter-Blog","url":"https:\/\/www.terminsvertreter.com\/ratgeber\/","logo":{"@type":"ImageObject","inLanguage":"de","@id":"https:\/\/www.terminsvertreter.com\/ratgeber\/#\/schema\/logo\/image\/","url":"https:\/\/www.terminsvertreter.com\/ratgeber\/wp-content\/uploads\/terminsvertreter-logo.webp","contentUrl":"https:\/\/www.terminsvertreter.com\/ratgeber\/wp-content\/uploads\/terminsvertreter-logo.webp","width":400,"height":64,"caption":"Terminsvertreter-Blog"},"image":{"@id":"https:\/\/www.terminsvertreter.com\/ratgeber\/#\/schema\/logo\/image\/"},"sameAs":["https:\/\/www.facebook.com\/people\/Terminsvertreter\/100079926887729\/","https:\/\/x.com\/terminvertreter"]},{"@type":"Person","@id":"https:\/\/www.terminsvertreter.com\/ratgeber\/#\/schema\/person\/2f5fb45af0c226c494243a02534434d6","name":"Dr. Philipp Hammerich","image":{"@type":"ImageObject","inLanguage":"de","@id":"https:\/\/www.terminsvertreter.com\/ratgeber\/wp-content\/uploads\/philipp-hammerich-ra-96x96.png","url":"https:\/\/www.terminsvertreter.com\/ratgeber\/wp-content\/uploads\/philipp-hammerich-ra-96x96.png","contentUrl":"https:\/\/www.terminsvertreter.com\/ratgeber\/wp-content\/uploads\/philipp-hammerich-ra-96x96.png","caption":"Dr. Philipp Hammerich"},"description":"Dr. Philipp Hammerich beendete sein Jura-Studium in Hamburg und promovierte im Anschluss bei Prof. Dr. Hoffmann-Riem, der zu jener Zeit Richter am Bundesverfassungsgericht war. Das Referendariat absolvierte Dr. Philipp Hammerich am OLG Hamburg. Seit 2007 ist er in Deutschland als Rechtsanwalt zugelassen.","sameAs":["https:\/\/x.com\/gitte.hartung@legal.one"],"url":"https:\/\/www.terminsvertreter.com\/ratgeber\/author\/phammerich\/"}]}},"_links":{"self":[{"href":"https:\/\/www.terminsvertreter.com\/ratgeber\/wp-json\/wp\/v2\/pages\/805","targetHints":{"allow":["GET"]}}],"collection":[{"href":"https:\/\/www.terminsvertreter.com\/ratgeber\/wp-json\/wp\/v2\/pages"}],"about":[{"href":"https:\/\/www.terminsvertreter.com\/ratgeber\/wp-json\/wp\/v2\/types\/page"}],"author":[{"embeddable":true,"href":"https:\/\/www.terminsvertreter.com\/ratgeber\/wp-json\/wp\/v2\/users\/23"}],"replies":[{"embeddable":true,"href":"https:\/\/www.terminsvertreter.com\/ratgeber\/wp-json\/wp\/v2\/comments?post=805"}],"version-history":[{"count":23,"href":"https:\/\/www.terminsvertreter.com\/ratgeber\/wp-json\/wp\/v2\/pages\/805\/revisions"}],"predecessor-version":[{"id":1099,"href":"https:\/\/www.terminsvertreter.com\/ratgeber\/wp-json\/wp\/v2\/pages\/805\/revisions\/1099"}],"wp:featuredmedia":[{"embeddable":true,"href":"https:\/\/www.terminsvertreter.com\/ratgeber\/wp-json\/wp\/v2\/media\/810"}],"wp:attachment":[{"href":"https:\/\/www.terminsvertreter.com\/ratgeber\/wp-json\/wp\/v2\/media?parent=805"}],"curies":[{"name":"wp","href":"https:\/\/api.w.org\/{rel}","templated":true}]}}